{"id":59231,"date":"2025-06-04T03:25:47","date_gmt":"2025-06-04T03:25:47","guid":{"rendered":"https:\/\/cnescooter.com\/?post_type=product&#038;p=59231"},"modified":"2025-06-04T03:25:47","modified_gmt":"2025-06-04T03:25:47","slug":"mz-c1-c2","status":"publish","type":"product","link":"https:\/\/cnescooter.com\/ar\/product\/mz-c1-c2\/","title":{"rendered":"MZ-C1\/C2"},"content":{"rendered":"<p data-start=\"218\" data-end=\"279\"><strong data-start=\"218\" data-end=\"235\">\u062e\u064a\u0627\u0631\u0627\u062a \u0627\u0644\u0623\u0644\u0648\u0627\u0646<\/strong>: \u0631\u0645\u0627\u062f\u064a\u060c \u0628\u064a\u062c\u060c \u0648\u0631\u062f\u064a<br data-start=\"254\" data-end=\"257\" \/><strong data-start=\"257\" data-end=\"276\">\u062e\u064a\u0627\u0631\u0627\u062a \u0627\u0644\u0628\u0637\u0627\u0631\u064a\u0629<\/strong>:<\/p>\n<ul data-start=\"280\" data-end=\"368\">\n<li data-start=\"280\" data-end=\"327\">\n<p data-start=\"282\" data-end=\"327\">36 \u0641\u0648\u0644\u062a: 6 \u0623\u0645\u0628\u064a\u0631 \/ 10 \u0623\u0645\u0628\u064a\u0631 \/ 15 \u0623\u0645\u0628\u064a\u0631 \/ 20 \u0623\u0645\u0628\u064a\u0631 \/ 25 \u0623\u0645\u0628\u064a\u0631 \/ 30 \u0623\u0645\u0628\u064a\u0631<\/p>\n<\/li>\n<li data-start=\"328\" data-end=\"368\">\n<p data-start=\"330\" data-end=\"368\">48 \u0641\u0648\u0644\u062a: 6 \u0623\u0645\u0628\u064a\u0631 \/ 10 \u0623\u0645\u0628\u064a\u0631 \/ 15 \u0623\u0645\u0628\u064a\u0631 \/ 20 \u0623\u0645\u0628\u064a\u0631 \/ 25 \u0623\u0645\u0628\u064a\u0631<\/p>\n<\/li>\n<\/ul>\n<p data-start=\"370\" data-end=\"612\"><strong data-start=\"370\" data-end=\"379\">\u0627\u0644\u0645\u062d\u0631\u0643<\/strong>: \u0645\u062d\u0631\u0643 36 \u0641\u0648\u0644\u062a\/48 \u0641\u0648\u0644\u062a 350 \u0648\u0627\u0637 \u0639\u0627\u0644\u064a \u0627\u0644\u0633\u0631\u0639\u0629 \u0628\u062f\u0648\u0646 \u0641\u0631\u0634\u0627\u0629<br data-start=\"420\" data-end=\"423\" \/><strong data-start=\"423\" data-end=\"437\">\u0627\u0644\u0645\u0631\u0627\u0642\u0628 \u0627\u0644\u0645\u0627\u0644\u064a<\/strong>: \u0648\u062d\u062f\u0629 \u062a\u062d\u0643\u0645 \u0627\u0644\u062a\u0639\u0632\u064a\u0632 \u0627\u0644\u0630\u0643\u064a \u0628\u0627\u0644\u0645\u0648\u062c\u0627\u062a \u0627\u0644\u062c\u064a\u0628\u064a\u0629 \u0627\u0644\u0645\u062a\u062c\u0647\u0629<br data-start=\"490\" data-end=\"493\" \/><strong data-start=\"493\" data-end=\"525\">\u0627\u0644\u0648\u0632\u0646 \u0627\u0644\u0635\u0627\u0641\u064a (\u0628\u062f\u0648\u0646 \u0628\u0637\u0627\u0631\u064a\u0629)<\/strong>:: 22.5 \u0643\u062c\u0645<br data-start=\"534\" data-end=\"537\" \/><strong data-start=\"537\" data-end=\"553\">\u0627\u0644\u062d\u0645\u0648\u0644\u0629 \u0627\u0644\u0642\u0635\u0648\u0649<\/strong>: 150 \u0643\u062c\u0645<br data-start=\"561\" data-end=\"564\" \/><strong data-start=\"564\" data-end=\"575\">\u0627\u0644\u0639\u0631\u0636<\/strong>: \u0623\u062f\u0627\u0629 \u0639\u0631\u0636 \u0627\u0644\u0637\u0627\u0642\u0629 \u0627\u0644\u0643\u0647\u0631\u0628\u0627\u0626\u064a\u0629<\/p>\n<p data-start=\"614\" data-end=\"626\"><strong data-start=\"614\" data-end=\"623\">\u0627\u0644\u0633\u0631\u0639\u0629<\/strong>:<\/p>\n<ul data-start=\"627\" data-end=\"685\">\n<li data-start=\"627\" data-end=\"654\">\n<p data-start=\"629\" data-end=\"654\">\u0627\u0644\u062d\u062f \u0627\u0644\u0623\u0642\u0635\u0649 \u0644\u0644\u0633\u0631\u0639\u0629: 20-25 \u0643\u0645\/\u0633\u0627\u0639\u0629<\/p>\n<\/li>\n<li data-start=\"655\" data-end=\"685\">\n<p data-start=\"657\" data-end=\"685\">\u0627\u0644\u0633\u0631\u0639\u0629 \u063a\u064a\u0631 \u0627\u0644\u0645\u0642\u0641\u0644\u0629: 30-35 \u0643\u0645\/\u0633\u0627\u0639\u0629<\/p>\n<\/li>\n<\/ul>\n<p data-start=\"687\" data-end=\"807\"><strong data-start=\"687\" data-end=\"707\">\u0627\u0644\u0642\u062f\u0631\u0629 \u0639\u0644\u0649 \u0627\u0644\u062a\u0633\u0644\u0642<\/strong>: \u062d\u062a\u0649 30 \u062f\u0631\u062c\u0629 \u0627\u0646\u062d\u062f\u0627\u0631 \u062d\u062a\u0649 30 \u062f\u0631\u062c\u0629<br data-start=\"724\" data-end=\"727\" \/><strong data-start=\"727\" data-end=\"744\">\u0627\u0644\u062d\u062f \u0627\u0644\u0623\u0642\u0635\u0649 \u0644\u0644\u0645\u062f\u0649<\/strong>:: 25-80 \u0643\u0645 (\u062a\u062e\u062a\u0644\u0641 \u062d\u0633\u0628 \u0633\u0639\u0629 \u0627\u0644\u0628\u0637\u0627\u0631\u064a\u0629 \u0648\u0638\u0631\u0648\u0641 \u0627\u0644\u0631\u0643\u0648\u0628)<\/p>\n<p data-start=\"809\" data-end=\"1030\"><strong data-start=\"809\" data-end=\"818\">\u0627\u0644\u0625\u0637\u0627\u0631\u0627\u062a<\/strong>:: \u0625\u0637\u0627\u0631\u0627\u062a \u062f\u0627\u062e\u0644\u064a\u0629 \u0648\u062e\u0627\u0631\u062c\u064a\u0629 \u0643\u0628\u064a\u0631\u0629 \u0645\u0642\u0627\u0633 24 \u00d7 1.95 \u00d7 26 \u00d7 2.10<br data-start=\"865\" data-end=\"868\" \/><strong data-start=\"868\" data-end=\"882\">\u0627\u0644\u062a\u0639\u0644\u064a\u0642<\/strong>: \u0645\u0645\u062a\u0635 \u0627\u0644\u0635\u062f\u0645\u0627\u062a \u0627\u0644\u0623\u0645\u0627\u0645\u064a \u0644\u0644\u0634\u0648\u0643\u0629 \u0627\u0644\u0623\u0645\u0627\u0645\u064a\u0629<br data-start=\"909\" data-end=\"912\" \/><strong data-start=\"912\" data-end=\"920\">\u0627\u0644\u0645\u0642\u0639\u062f<\/strong>: \u0625\u0633\u0641\u0646\u062c \u0639\u0627\u0644\u064a \u0627\u0644\u0645\u0631\u0648\u0646\u0629 \u0648\u0645\u0642\u0627\u0648\u0645 \u0644\u0644\u0647\u0628 \u0648\u0645\u063a\u0637\u0649 \u0628\u0627\u0644\u062c\u0644\u062f<br data-start=\"976\" data-end=\"979\" \/><strong data-start=\"979\" data-end=\"989\">\u0627\u0644\u0645\u0643\u0627\u0628\u062d<\/strong>: \u0645\u0643\u0627\u0628\u062d \u0627\u0644\u062e\u0637\u0648\u0637 \u0627\u0644\u0645\u064a\u0643\u0627\u0646\u064a\u0643\u064a\u0629 \u0627\u0644\u0623\u0645\u0627\u0645\u064a\u0629 \u0648\u0627\u0644\u062e\u0644\u0641\u064a\u0629<\/p>\n<p data-start=\"1032\" data-end=\"1054\"><strong data-start=\"1032\" data-end=\"1051\">\u0646\u0638\u0627\u0645 \u0627\u0644\u0625\u0636\u0627\u0621\u0629<\/strong>:<\/p>\n<ul data-start=\"1055\" data-end=\"1118\">\n<li data-start=\"1055\" data-end=\"1072\">\n<p data-start=\"1057\" data-end=\"1072\">\u0645\u0635\u0628\u0627\u062d \u0623\u0645\u0627\u0645\u064a LED<\/p>\n<\/li>\n<li data-start=\"1073\" data-end=\"1091\">\n<p data-start=\"1075\" data-end=\"1091\">\u0645\u0635\u0628\u0627\u062d \u062e\u0644\u0641\u064a \u062e\u0644\u0641\u064a<\/p>\n<\/li>\n<li data-start=\"1092\" data-end=\"1118\">\n<p data-start=\"1094\" data-end=\"1118\">\u0645\u0635\u0628\u0627\u062d \u0645\u0643\u0627\u0628\u062d \u0645\u062f\u0645\u062c<\/p>\n<\/li>\n<\/ul>\n<p data-start=\"1120\" data-end=\"1193\"><strong data-start=\"1120\" data-end=\"1131\">\u0627\u0644\u0634\u0627\u062d\u0646<\/strong>: \u0634\u0627\u062d\u0646 \u0630\u0643\u064a 36 \u0641\u0648\u0644\u062a \/ 48 \u0641\u0648\u0644\u062a 2 \u0623\u0645\u0628\u064a\u0631<br data-start=\"1159\" data-end=\"1162\" \/><strong data-start=\"1162\" data-end=\"1179\">\u0648\u0642\u062a \u0627\u0644\u0634\u062d\u0646<\/strong>:: 6-15 \u0633\u0627\u0639\u0629<\/p>\n<p data-start=\"1195\" data-end=\"1343\"><strong data-start=\"1195\" data-end=\"1226\">\u0623\u0628\u0639\u0627\u062f \u0627\u0644\u062f\u0631\u0627\u062c\u0629 (\u0627\u0644\u0637\u0648\u0644 \u00d7 \u0627\u0644\u0639\u0631\u0636 \u00d7 \u0627\u0644\u0627\u0631\u062a\u0641\u0627\u0639)<\/strong>: 170 \u00d7 69 \u00d7 69 \u00d7 117 \u0633\u0645 \/ 170 \u00d7 69 \u00d7 113 \u0633\u0645<br data-start=\"1265\" data-end=\"1268\" \/><strong data-start=\"1268\" data-end=\"1292\">\u0623\u0628\u0639\u0627\u062f \u0627\u0644\u062a\u063a\u0644\u064a\u0641<\/strong>: 146 \u00d7 24 \u00d7 84 \u0633\u0645<br data-start=\"1310\" data-end=\"1313\" \/><strong data-start=\"1313\" data-end=\"1333\">\u0648\u0632\u0646 \u0627\u0644\u0639\u0628\u0648\u0629<\/strong>: 4.5 \u0643\u062c\u0645<\/p>","protected":false},"excerpt":{"rendered":"<p>\u062f\u0631\u0627\u062c\u0629 \u0643\u0647\u0631\u0628\u0627\u0626\u064a\u0629 \u0642\u0648\u064a\u0629 \u0628\u0642\u0648\u0629 48 \u0641\u0648\u0644\u062a \u0645\u0632\u0648\u0651\u062f\u0629 \u0628\u0645\u062d\u0631\u0643 \u0628\u0642\u0648\u0629 350 \u0648\u0627\u0637 \u0648\u0646\u0638\u0627\u0645 \u062a\u0639\u0644\u064a\u0642 \u0645\u0631\u0643\u0632\u064a \u0648\u0645\u062f\u0649 80 \u0643\u0645 \u0643\u062d\u062f \u0623\u0642\u0635\u0649. \u0645\u062a\u064a\u0646\u0629\u060c \u0648\u0645\u0631\u064a\u062d\u0629\u060c \u0648\u0645\u062b\u0627\u0644\u064a\u0629 \u0644\u0644\u062a\u0646\u0642\u0644 \u0627\u0644\u064a\u0648\u0645\u064a \u0641\u064a \u0627\u0644\u0645\u062f\u064a\u0646\u0629 \u0623\u0648 \u0644\u0644\u0631\u062d\u0644\u0627\u062a \u0627\u0644\u062a\u0631\u0641\u064a\u0647\u064a\u0629.<\/p>","protected":false},"featured_media":59232,"comment_status":"open","ping_status":"closed","template":"","meta":[],"product_brand":[],"product_cat":[270],"product_tag":[],"class_list":{"0":"post-59231","1":"product","2":"type-product","3":"status-publish","4":"has-post-thumbnail","6":"product_cat-electric-bicycle","8":"first","9":"instock","10":"shipping-taxable","11":"product-type-simple"},"yoast_head":"<!-- This site is optimized with the Yoast SEO Premium plugin v24.4 (Yoast SEO v26.9) - https:\/\/yoast.com\/product\/yoast-seo-premium-wordpress\/ -->\n<title>MZ-C1\/C2 - Electric Motorcycle Manufacturer &amp; Supplier | Manzhi Electric Vehicle<\/title>\n<meta name=\"robots\" content=\"index, follow, max-snippet:-1, max-image-preview:large, max-video-preview:-1\" \/>\n<link rel=\"canonical\" href=\"https:\/\/cnescooter.com\/ar\/product\/mz-c1-c2\/\" \/>\n<meta property=\"og:locale\" content=\"ar_AR\" \/>\n<meta property=\"og:type\" content=\"article\" \/>\n<meta property=\"og:title\" content=\"MZ-C1\/C2\" \/>\n<meta property=\"og:description\" content=\"Powerful 48V electric bike with a 350W motor, central suspension, and 80km max range. Durable, comfortable, and ideal for daily city commuting or leisure rides.\" \/>\n<meta property=\"og:url\" content=\"https:\/\/cnescooter.com\/ar\/product\/mz-c1-c2\/\" \/>\n<meta property=\"og:site_name\" content=\"Electric Motorcycle Manufacturer &amp; Supplier | Manzhi Electric Vehicle\" \/>\n<meta property=\"og:image\" content=\"https:\/\/cnescooter.com\/wp-content\/uploads\/2025\/06\/\u672a\u6807\u9898-1.jpg\" \/>\n\t<meta property=\"og:image:width\" content=\"800\" \/>\n\t<meta property=\"og:image:height\" content=\"800\" \/>\n\t<meta property=\"og:image:type\" content=\"image\/jpeg\" \/>\n<meta name=\"twitter:card\" content=\"summary_large_image\" \/>\n<meta name=\"twitter:label1\" content=\"\u0648\u0642\u062a \u0627\u0644\u0642\u0631\u0627\u0621\u0629 \u0627\u0644\u0645\u064f\u0642\u062f\u0651\u0631\" \/>\n\t<meta name=\"twitter:data1\" content=\"\u062f\u0642\u064a\u0642\u0629 \u0648\u0627\u062d\u062f\u0629\" \/>\n<script type=\"application\/ld+json\" class=\"yoast-schema-graph\">{\"@context\":\"https:\/\/schema.org\",\"@graph\":[{\"@type\":\"WebPage\",\"@id\":\"https:\/\/cnescooter.com\/product\/mz-c1-c2\/\",\"url\":\"https:\/\/cnescooter.com\/product\/mz-c1-c2\/\",\"name\":\"MZ-C1\/C2 - Electric Motorcycle Manufacturer &amp; Supplier | Manzhi Electric Vehicle\",\"isPartOf\":{\"@id\":\"https:\/\/cnescooter.com\/#website\"},\"primaryImageOfPage\":{\"@id\":\"https:\/\/cnescooter.com\/product\/mz-c1-c2\/#primaryimage\"},\"image\":{\"@id\":\"https:\/\/cnescooter.com\/product\/mz-c1-c2\/#primaryimage\"},\"thumbnailUrl\":\"https:\/\/cnescooter.com\/wp-content\/uploads\/2025\/06\/\u672a\u6807\u9898-1.jpg\",\"datePublished\":\"2025-06-04T03:25:47+00:00\",\"breadcrumb\":{\"@id\":\"https:\/\/cnescooter.com\/product\/mz-c1-c2\/#breadcrumb\"},\"inLanguage\":\"ar\",\"potentialAction\":[{\"@type\":\"ReadAction\",\"target\":[\"https:\/\/cnescooter.com\/product\/mz-c1-c2\/\"]}]},{\"@type\":\"ImageObject\",\"inLanguage\":\"ar\",\"@id\":\"https:\/\/cnescooter.com\/product\/mz-c1-c2\/#primaryimage\",\"url\":\"https:\/\/cnescooter.com\/wp-content\/uploads\/2025\/06\/\u672a\u6807\u9898-1.jpg\",\"contentUrl\":\"https:\/\/cnescooter.com\/wp-content\/uploads\/2025\/06\/\u672a\u6807\u9898-1.jpg\",\"width\":800,\"height\":800},{\"@type\":\"BreadcrumbList\",\"@id\":\"https:\/\/cnescooter.com\/product\/mz-c1-c2\/#breadcrumb\",\"itemListElement\":[{\"@type\":\"ListItem\",\"position\":1,\"name\":\"Home\",\"item\":\"https:\/\/cnescooter.com\/\"},{\"@type\":\"ListItem\",\"position\":2,\"name\":\"Products\",\"item\":\"https:\/\/cnescooter.com\/products\/\"},{\"@type\":\"ListItem\",\"position\":3,\"name\":\"MZ-C1\/C2\"}]},{\"@type\":\"WebSite\",\"@id\":\"https:\/\/cnescooter.com\/#website\",\"url\":\"https:\/\/cnescooter.com\/\",\"name\":\"Electric Motorcycle Manufacturer & Supplier | Manzhi Electric Vehicle\",\"description\":\"Affordable, Durable, and Stylish Electric Motorcycles Built for Performance\",\"publisher\":{\"@id\":\"https:\/\/cnescooter.com\/#organization\"},\"potentialAction\":[{\"@type\":\"SearchAction\",\"target\":{\"@type\":\"EntryPoint\",\"urlTemplate\":\"https:\/\/cnescooter.com\/?s={search_term_string}\"},\"query-input\":{\"@type\":\"PropertyValueSpecification\",\"valueRequired\":true,\"valueName\":\"search_term_string\"}}],\"inLanguage\":\"ar\"},{\"@type\":\"Organization\",\"@id\":\"https:\/\/cnescooter.com\/#organization\",\"name\":\"Electric Motorcycle Manufacturer & Supplier | Manzhi Electric Vehicle\",\"url\":\"https:\/\/cnescooter.com\/\",\"logo\":{\"@type\":\"ImageObject\",\"inLanguage\":\"ar\",\"@id\":\"https:\/\/cnescooter.com\/#\/schema\/logo\/image\/\",\"url\":\"https:\/\/cnescooter.com\/wp-content\/uploads\/2025\/06\/logo3.png\",\"contentUrl\":\"https:\/\/cnescooter.com\/wp-content\/uploads\/2025\/06\/logo3.png\",\"width\":560,\"height\":176,\"caption\":\"Electric Motorcycle Manufacturer & Supplier | Manzhi Electric Vehicle\"},\"image\":{\"@id\":\"https:\/\/cnescooter.com\/#\/schema\/logo\/image\/\"}}]}<\/script>\n<!-- \/ Yoast SEO Premium plugin. -->","yoast_head_json":{"title":"MZ-C1\/C2 - \u0645\u064f\u0635\u0646\u0650\u0651\u0639 \u0648\u0645\u0648\u0631\u0650\u0651\u062f \u0627\u0644\u062f\u0631\u0627\u062c\u0627\u062a \u0627\u0644\u0646\u0627\u0631\u064a\u0629 \u0627\u0644\u0643\u0647\u0631\u0628\u0627\u0626\u064a\u0629 |\u0645\u0646\u0632\u0647\u064a \u0644\u0644\u0633\u064a\u0627\u0631\u0627\u062a \u0627\u0644\u0643\u0647\u0631\u0628\u0627\u0626\u064a\u0629","robots":{"index":"index","follow":"follow","max-snippet":"max-snippet:-1","max-image-preview":"max-image-preview:large","max-video-preview":"max-video-preview:-1"},"canonical":"https:\/\/cnescooter.com\/ar\/product\/mz-c1-c2\/","og_locale":"ar_AR","og_type":"article","og_title":"MZ-C1\/C2","og_description":"Powerful 48V electric bike with a 350W motor, central suspension, and 80km max range. Durable, comfortable, and ideal for daily city commuting or leisure rides.","og_url":"https:\/\/cnescooter.com\/ar\/product\/mz-c1-c2\/","og_site_name":"Electric Motorcycle Manufacturer &amp; Supplier | Manzhi Electric Vehicle","og_image":[{"width":800,"height":800,"url":"https:\/\/cnescooter.com\/wp-content\/uploads\/2025\/06\/\u672a\u6807\u9898-1.jpg","type":"image\/jpeg"}],"twitter_card":"summary_large_image","twitter_misc":{"\u0648\u0642\u062a \u0627\u0644\u0642\u0631\u0627\u0621\u0629 \u0627\u0644\u0645\u064f\u0642\u062f\u0651\u0631":"\u062f\u0642\u064a\u0642\u0629 \u0648\u0627\u062d\u062f\u0629"},"schema":{"@context":"https:\/\/schema.org","@graph":[{"@type":"WebPage","@id":"https:\/\/cnescooter.com\/product\/mz-c1-c2\/","url":"https:\/\/cnescooter.com\/product\/mz-c1-c2\/","name":"MZ-C1\/C2 - \u0645\u064f\u0635\u0646\u0650\u0651\u0639 \u0648\u0645\u0648\u0631\u0650\u0651\u062f \u0627\u0644\u062f\u0631\u0627\u062c\u0627\u062a \u0627\u0644\u0646\u0627\u0631\u064a\u0629 \u0627\u0644\u0643\u0647\u0631\u0628\u0627\u0626\u064a\u0629 |\u0645\u0646\u0632\u0647\u064a \u0644\u0644\u0633\u064a\u0627\u0631\u0627\u062a \u0627\u0644\u0643\u0647\u0631\u0628\u0627\u0626\u064a\u0629","isPartOf":{"@id":"https:\/\/cnescooter.com\/#website"},"primaryImageOfPage":{"@id":"https:\/\/cnescooter.com\/product\/mz-c1-c2\/#primaryimage"},"image":{"@id":"https:\/\/cnescooter.com\/product\/mz-c1-c2\/#primaryimage"},"thumbnailUrl":"https:\/\/cnescooter.com\/wp-content\/uploads\/2025\/06\/\u672a\u6807\u9898-1.jpg","datePublished":"2025-06-04T03:25:47+00:00","breadcrumb":{"@id":"https:\/\/cnescooter.com\/product\/mz-c1-c2\/#breadcrumb"},"inLanguage":"ar","potentialAction":[{"@type":"ReadAction","target":["https:\/\/cnescooter.com\/product\/mz-c1-c2\/"]}]},{"@type":"ImageObject","inLanguage":"ar","@id":"https:\/\/cnescooter.com\/product\/mz-c1-c2\/#primaryimage","url":"https:\/\/cnescooter.com\/wp-content\/uploads\/2025\/06\/\u672a\u6807\u9898-1.jpg","contentUrl":"https:\/\/cnescooter.com\/wp-content\/uploads\/2025\/06\/\u672a\u6807\u9898-1.jpg","width":800,"height":800},{"@type":"BreadcrumbList","@id":"https:\/\/cnescooter.com\/product\/mz-c1-c2\/#breadcrumb","itemListElement":[{"@type":"ListItem","position":1,"name":"Home","item":"https:\/\/cnescooter.com\/"},{"@type":"ListItem","position":2,"name":"Products","item":"https:\/\/cnescooter.com\/products\/"},{"@type":"ListItem","position":3,"name":"MZ-C1\/C2"}]},{"@type":"WebSite","@id":"https:\/\/cnescooter.com\/#website","url":"https:\/\/cnescooter.com\/","name":"\u0645\u064f\u0635\u0646\u0650\u0651\u0639 \u0648\u0645\u0648\u0631\u0650\u0651\u062f \u0627\u0644\u062f\u0631\u0627\u062c\u0627\u062a \u0627\u0644\u0646\u0627\u0631\u064a\u0629 \u0627\u0644\u0643\u0647\u0631\u0628\u0627\u0626\u064a\u0629 |\u0645\u0635\u0646\u0639 \u0648\u0645\u0648\u0631\u0650\u0651\u062f \u0627\u0644\u062f\u0631\u0627\u062c\u0627\u062a \u0627\u0644\u0646\u0627\u0631\u064a\u0629 \u0627\u0644\u0643\u0647\u0631\u0628\u0627\u0626\u064a\u0629 |\u0645\u0646\u0632\u064a \u0644\u0644\u0645\u0631\u0643\u0628\u0627\u062a \u0627\u0644\u0643\u0647\u0631\u0628\u0627\u0626\u064a\u0629","description":"\u062f\u0631\u0627\u062c\u0627\u062a \u0646\u0627\u0631\u064a\u0629 \u0643\u0647\u0631\u0628\u0627\u0626\u064a\u0629 \u0645\u062a\u064a\u0646\u0629 \u0648\u0623\u0646\u064a\u0642\u0629 \u0648\u0628\u0623\u0633\u0639\u0627\u0631 \u0645\u0639\u0642\u0648\u0644\u0629 \u0648\u0645\u0635\u0645\u0645\u0629 \u062e\u0635\u064a\u0635\u0627\u064b \u0644\u0644\u0623\u062f\u0627\u0621 \u0627\u0644\u0639\u0627\u0644\u064a","publisher":{"@id":"https:\/\/cnescooter.com\/#organization"},"potentialAction":[{"@type":"SearchAction","target":{"@type":"EntryPoint","urlTemplate":"https:\/\/cnescooter.com\/?s={search_term_string}"},"query-input":{"@type":"PropertyValueSpecification","valueRequired":true,"valueName":"search_term_string"}}],"inLanguage":"ar"},{"@type":"Organization","@id":"https:\/\/cnescooter.com\/#organization","name":"\u0645\u064f\u0635\u0646\u0650\u0651\u0639 \u0648\u0645\u0648\u0631\u0650\u0651\u062f \u0627\u0644\u062f\u0631\u0627\u062c\u0627\u062a \u0627\u0644\u0646\u0627\u0631\u064a\u0629 \u0627\u0644\u0643\u0647\u0631\u0628\u0627\u0626\u064a\u0629 |\u0645\u0635\u0646\u0639 \u0648\u0645\u0648\u0631\u0650\u0651\u062f \u0627\u0644\u062f\u0631\u0627\u062c\u0627\u062a \u0627\u0644\u0646\u0627\u0631\u064a\u0629 \u0627\u0644\u0643\u0647\u0631\u0628\u0627\u0626\u064a\u0629 |\u0645\u0646\u0632\u064a \u0644\u0644\u0645\u0631\u0643\u0628\u0627\u062a \u0627\u0644\u0643\u0647\u0631\u0628\u0627\u0626\u064a\u0629","url":"https:\/\/cnescooter.com\/","logo":{"@type":"ImageObject","inLanguage":"ar","@id":"https:\/\/cnescooter.com\/#\/schema\/logo\/image\/","url":"https:\/\/cnescooter.com\/wp-content\/uploads\/2025\/06\/logo3.png","contentUrl":"https:\/\/cnescooter.com\/wp-content\/uploads\/2025\/06\/logo3.png","width":560,"height":176,"caption":"Electric Motorcycle Manufacturer & Supplier | Manzhi Electric Vehicle"},"image":{"@id":"https:\/\/cnescooter.com\/#\/schema\/logo\/image\/"}}]}},"_links":{"self":[{"href":"https:\/\/cnescooter.com\/ar\/wp-json\/wp\/v2\/product\/59231","targetHints":{"allow":["GET"]}}],"collection":[{"href":"https:\/\/cnescooter.com\/ar\/wp-json\/wp\/v2\/product"}],"about":[{"href":"https:\/\/cnescooter.com\/ar\/wp-json\/wp\/v2\/types\/product"}],"replies":[{"embeddable":true,"href":"https:\/\/cnescooter.com\/ar\/wp-json\/wp\/v2\/comments?post=59231"}],"wp:featuredmedia":[{"embeddable":true,"href":"https:\/\/cnescooter.com\/ar\/wp-json\/wp\/v2\/media\/59232"}],"wp:attachment":[{"href":"https:\/\/cnescooter.com\/ar\/wp-json\/wp\/v2\/media?parent=59231"}],"wp:term":[{"taxonomy":"product_brand","embeddable":true,"href":"https:\/\/cnescooter.com\/ar\/wp-json\/wp\/v2\/product_brand?post=59231"},{"taxonomy":"product_cat","embeddable":true,"href":"https:\/\/cnescooter.com\/ar\/wp-json\/wp\/v2\/product_cat?post=59231"},{"taxonomy":"product_tag","embeddable":true,"href":"https:\/\/cnescooter.com\/ar\/wp-json\/wp\/v2\/product_tag?post=59231"}],"curies":[{"name":"\u062f\u0628\u0644\u064a\u0648 \u0628\u064a","href":"https:\/\/api.w.org\/{rel}","templated":true}]}}