{"id":12954,"date":"2024-06-27T08:23:10","date_gmt":"2024-06-27T08:23:10","guid":{"rendered":"http:\/\/itech.dv.ancorathemes.com\/?page_id=12954"},"modified":"2025-05-29T15:50:16","modified_gmt":"2025-05-29T15:50:16","slug":"privacy-policy","status":"publish","type":"page","link":"https:\/\/cnescooter.com\/de\/privacy-policy\/","title":{"rendered":"Datenschutzbestimmungen"},"content":{"rendered":"<h2 data-start=\"153\" data-end=\"174\"><strong data-start=\"156\" data-end=\"174\">Datenschutzbestimmungen<\/strong><\/h2>\n<p data-start=\"176\" data-end=\"208\"><strong data-start=\"176\" data-end=\"208\">Zuletzt aktualisiert: [25. Mai 2025]<\/strong><\/p>\n<p data-start=\"210\" data-end=\"413\">Bei CNEScooter.com respektieren und sch\u00fctzen wir die Privatsph\u00e4re unserer Kunden und Besucher. Diese Datenschutzrichtlinie erkl\u00e4rt, wie wir Ihre Informationen sammeln, verwenden, offenlegen und sch\u00fctzen, wenn Sie unsere Website besuchen.<\/p>\n<h3 data-start=\"415\" data-end=\"448\">1. <strong data-start=\"422\" data-end=\"448\">Gesammelte Informationen<\/strong><\/h3>\n<p data-start=\"449\" data-end=\"507\">Wir k\u00f6nnen personenbezogene Daten auf die folgende Weise erfassen:<\/p>\n<ul data-start=\"508\" data-end=\"853\">\n<li data-start=\"508\" data-end=\"667\">\n<p data-start=\"510\" data-end=\"667\"><strong data-start=\"510\" data-end=\"528\">Pers\u00f6nliche Daten:<\/strong> Name, E-Mail-Adresse, Telefonnummer, Lieferadresse und andere Kontaktdaten, die Sie beim Ausf\u00fcllen von Formularen oder bei einer Anfrage\/Bestellung angeben.<\/p>\n<\/li>\n<li data-start=\"668\" data-end=\"762\">\n<p data-start=\"670\" data-end=\"762\"><strong data-start=\"670\" data-end=\"686\">Ger\u00e4tedaten:<\/strong> IP-Adresse, Browsertyp, Betriebssystem, Zugriffszeiten und betrachtete Seiten.<\/p>\n<\/li>\n<li data-start=\"763\" data-end=\"853\">\n<p data-start=\"765\" data-end=\"853\"><strong data-start=\"765\" data-end=\"777\">Kekse:<\/strong> Wir verwenden Cookies, um Ihr Browsing-Erlebnis zu verbessern und Inhalte zu personalisieren.<\/p>\n<\/li>\n<\/ul>\n<h3 data-start=\"855\" data-end=\"893\">2. <strong data-start=\"862\" data-end=\"893\">Wie wir Ihre Informationen verwenden<\/strong><\/h3>\n<p data-start=\"894\" data-end=\"932\">Wir verwenden die von uns gesammelten Informationen f\u00fcr:<\/p>\n<ul data-start=\"933\" data-end=\"1115\">\n<li data-start=\"933\" data-end=\"978\">\n<p data-start=\"935\" data-end=\"978\">Bearbeitung und Verwaltung von Auftr\u00e4gen oder Anfragen<\/p>\n<\/li>\n<li data-start=\"979\" data-end=\"1015\">\n<p data-start=\"981\" data-end=\"1015\">Verbesserung unserer Website und Dienstleistungen<\/p>\n<\/li>\n<li data-start=\"1016\" data-end=\"1065\">\n<p data-start=\"1018\" data-end=\"1065\">Beantwortung Ihrer Nachrichten oder Supportanfragen<\/p>\n<\/li>\n<li data-start=\"1066\" data-end=\"1115\">\n<p data-start=\"1068\" data-end=\"1115\">Versenden von Werbe-E-Mails (nur wenn Sie sich daf\u00fcr entscheiden)<\/p>\n<\/li>\n<\/ul>\n<h3 data-start=\"1117\" data-end=\"1152\">3. <strong data-start=\"1124\" data-end=\"1152\">Weitergabe Ihrer Informationen<\/strong><\/h3>\n<p data-start=\"1153\" data-end=\"1341\">Wir tun <strong data-start=\"1159\" data-end=\"1166\">nicht<\/strong> verkaufen, tauschen oder vermieten<\/p>\n<h3 data-start=\"1343\" data-end=\"1387\">4. <strong data-start=\"1350\" data-end=\"1387\">Cookies und Tracking-Technologien<\/strong><\/h3>\n<p data-start=\"1388\" data-end=\"1513\">Unser Wir<\/p>\n<ul data-start=\"1514\" data-end=\"1594\">\n<li data-start=\"1514\" data-end=\"1541\">\n<p data-start=\"1516\" data-end=\"1541\">Aktivieren der Website-Funktionalit\u00e4t<\/p>\n<\/li>\n<li data-start=\"1542\" data-end=\"1564\">\n<p data-start=\"1544\" data-end=\"1564\">Analysieren Sie den Website-Verkehr<\/p>\n<\/li>\n<li data-start=\"1565\" data-end=\"1594\">\n<p data-start=\"1567\" data-end=\"1594\">Personalisierung der Benutzererfahrung<\/p>\n<\/li>\n<\/ul>\n<p data-start=\"1596\" data-end=\"1656\">Sie k\u00f6nnen die Cookie-Pr\u00e4ferenzen in den Einstellungen Ihres Browsers festlegen.<\/p>\n<h3 data-start=\"1658\" data-end=\"1682\">5. <strong data-start=\"1665\" data-end=\"1682\">Datensicherheit<\/strong><\/h3>\n<p data-start=\"1683\" data-end=\"1820\">Wir setzen sinnvolle technische<\/p>\n<h3 data-start=\"1822\" data-end=\"1844\">6. <strong data-start=\"1829\" data-end=\"1844\">Ihre Rechte<\/strong><\/h3>\n<p data-start=\"1845\" data-end=\"1899\">Je nach Ihrem Wohnort haben Sie m\u00f6glicherweise das Recht darauf:<\/p>\n<ul data-start=\"1900\" data-end=\"2030\">\n<li data-start=\"1900\" data-end=\"1947\">\n<p data-start=\"1902\" data-end=\"1947\">Zugang, Berichtigung oder L\u00f6schung Ihrer pers\u00f6nlichen Daten<\/p>\n<\/li>\n<li data-start=\"1948\" data-end=\"1983\">\n<p data-start=\"1950\" data-end=\"1983\">Ihre Zustimmung jederzeit widerrufen<\/p>\n<\/li>\n<li data-start=\"1984\" data-end=\"2030\">\n<p data-start=\"1986\" data-end=\"2030\">eine Kopie der \u00fcber Sie gespeicherten Daten anfordern<\/p>\n<\/li>\n<\/ul>\n<p data-start=\"2032\" data-end=\"2110\">Wenn Sie eines dieser Rechte aus\u00fcben m\u00f6chten, kontaktieren Sie uns bitte unter <strong data-start=\"2086\" data-end=\"2109\"><a class=\"cursor-pointer\" rel=\"noopener\" data-start=\"2088\" data-end=\"2107\">info@cnescooter.com<\/a><\/strong>.<\/p>\n<h3 data-start=\"2112\" data-end=\"2140\">7. <strong data-start=\"2119\" data-end=\"2140\">Links von Drittanbietern<\/strong><\/h3>\n<p data-start=\"2141\" data-end=\"2271\">Unsere Website kann Links zu Websites Dritter enthalten. Wir sind nicht verantwortlich f\u00fcr die Datenschutzpraktiken oder den Inhalt dieser Websites.<\/p>\n<h3 data-start=\"2273\" data-end=\"2306\">8. <strong data-start=\"2280\" data-end=\"2306\">\u00c4nderungen an dieser Politik<\/strong><\/h3>\n<p data-start=\"2307\" data-end=\"2437\">Wir k\u00f6nnen diese Datenschutzrichtlinie von Zeit zu Zeit aktualisieren. Wir empfehlen Ihnen, diese Seite regelm\u00e4\u00dfig auf die neuesten Informationen hin zu \u00fcberpr\u00fcfen.<\/p>\n<h3 data-start=\"2439\" data-end=\"2460\">9. <strong data-start=\"2446\" data-end=\"2460\">Kontakt<\/strong><\/h3>\n<p data-start=\"2461\" data-end=\"2547\">Wenn Sie Fragen oder Bedenken bez\u00fcglich dieser Datenschutzrichtlinie haben, wenden Sie sich bitte an uns:<\/p>\n<p data-start=\"2549\" data-end=\"2662\"><strong data-start=\"2549\" data-end=\"2591\">Wuxi Manzhi Electric Vehicle Co, Ltd.<\/strong><br data-start=\"2591\" data-end=\"2594\" \/>\ud83d\udccd Adresse: Geb\u00e4ude 7, Nr. 2 Fengwei Road, Xishan Economic Development Zone, Wuxi City, Jiangsu Province, China<br data-start=\"2630\" data-end=\"2633\" \/>\ud83d\udce7 E-Mail: <a class=\"cursor-pointer\" rel=\"noopener\" data-start=\"2643\" data-end=\"2662\">info@cnescooter.com<\/a><\/p>\n<div id=\"gtx-trans\" style=\"position: absolute; left: 115px; top: 1964.34px;\">\n<div class=\"gtx-trans-icon\"><\/div>\n<\/div>","protected":false},"excerpt":{"rendered":"<p>Datenschutzbestimmungen Zuletzt aktualisiert: [25. Mai 2025] Bei CNEScooter.com respektieren und sch\u00fctzen wir die Privatsph\u00e4re unserer Kunden und Besucher. Diese Datenschutzrichtlinie erkl\u00e4rt, wie wir Daten sammeln, verwenden, offenlegen und...<\/p>","protected":false},"author":2,"featured_media":0,"parent":0,"menu_order":0,"comment_status":"closed","ping_status":"closed","template":"","meta":{"footnotes":""},"class_list":["post-12954","page","type-page","status-publish","hentry"],"yoast_head":"<!-- This site is optimized with the Yoast SEO Premium plugin v24.4 (Yoast SEO v26.9) - https:\/\/yoast.com\/product\/yoast-seo-premium-wordpress\/ -->\n<title>Privacy Policy - Electric Motorcycle Manufacturer &amp; Supplier | Manzhi Electric Vehicle<\/title>\n<meta name=\"robots\" content=\"index, follow, max-snippet:-1, max-image-preview:large, max-video-preview:-1\" \/>\n<link rel=\"canonical\" href=\"https:\/\/cnescooter.com\/de\/privacy-policy\/\" \/>\n<meta property=\"og:locale\" content=\"de_DE\" \/>\n<meta property=\"og:type\" content=\"article\" \/>\n<meta property=\"og:title\" content=\"Privacy Policy\" \/>\n<meta property=\"og:description\" content=\"Privacy Policy Last updated: [May 25, 2025] At CNEScooter.com, we respect and protect the privacy of our customers and visitors. This Privacy Policy explains how we collect, use, disclose, and&hellip;\" \/>\n<meta property=\"og:url\" content=\"https:\/\/cnescooter.com\/de\/privacy-policy\/\" \/>\n<meta property=\"og:site_name\" content=\"Electric Motorcycle Manufacturer &amp; Supplier | Manzhi Electric Vehicle\" \/>\n<meta property=\"article:modified_time\" content=\"2025-05-29T15:50:16+00:00\" \/>\n<meta name=\"twitter:card\" content=\"summary_large_image\" \/>\n<meta name=\"twitter:label1\" content=\"Gesch\u00e4tzte Lesezeit\" \/>\n\t<meta name=\"twitter:data1\" content=\"2\u00a0Minuten\" \/>\n<script type=\"application\/ld+json\" class=\"yoast-schema-graph\">{\"@context\":\"https:\/\/schema.org\",\"@graph\":[{\"@type\":\"WebPage\",\"@id\":\"https:\/\/cnescooter.com\/privacy-policy\/\",\"url\":\"https:\/\/cnescooter.com\/privacy-policy\/\",\"name\":\"Privacy Policy - Electric Motorcycle Manufacturer &amp; Supplier | Manzhi Electric Vehicle\",\"isPartOf\":{\"@id\":\"https:\/\/cnescooter.com\/#website\"},\"datePublished\":\"2024-06-27T08:23:10+00:00\",\"dateModified\":\"2025-05-29T15:50:16+00:00\",\"breadcrumb\":{\"@id\":\"https:\/\/cnescooter.com\/privacy-policy\/#breadcrumb\"},\"inLanguage\":\"de\",\"potentialAction\":[{\"@type\":\"ReadAction\",\"target\":[\"https:\/\/cnescooter.com\/privacy-policy\/\"]}]},{\"@type\":\"BreadcrumbList\",\"@id\":\"https:\/\/cnescooter.com\/privacy-policy\/#breadcrumb\",\"itemListElement\":[{\"@type\":\"ListItem\",\"position\":1,\"name\":\"Home\",\"item\":\"https:\/\/cnescooter.com\/\"},{\"@type\":\"ListItem\",\"position\":2,\"name\":\"Privacy Policy\"}]},{\"@type\":\"WebSite\",\"@id\":\"https:\/\/cnescooter.com\/#website\",\"url\":\"https:\/\/cnescooter.com\/\",\"name\":\"Electric Motorcycle Manufacturer & Supplier | Manzhi Electric Vehicle\",\"description\":\"Affordable, Durable, and Stylish Electric Motorcycles Built for Performance\",\"publisher\":{\"@id\":\"https:\/\/cnescooter.com\/#organization\"},\"potentialAction\":[{\"@type\":\"SearchAction\",\"target\":{\"@type\":\"EntryPoint\",\"urlTemplate\":\"https:\/\/cnescooter.com\/?s={search_term_string}\"},\"query-input\":{\"@type\":\"PropertyValueSpecification\",\"valueRequired\":true,\"valueName\":\"search_term_string\"}}],\"inLanguage\":\"de\"},{\"@type\":\"Organization\",\"@id\":\"https:\/\/cnescooter.com\/#organization\",\"name\":\"Electric Motorcycle Manufacturer & Supplier | Manzhi Electric Vehicle\",\"url\":\"https:\/\/cnescooter.com\/\",\"logo\":{\"@type\":\"ImageObject\",\"inLanguage\":\"de\",\"@id\":\"https:\/\/cnescooter.com\/#\/schema\/logo\/image\/\",\"url\":\"https:\/\/cnescooter.com\/wp-content\/uploads\/2025\/06\/logo3.png\",\"contentUrl\":\"https:\/\/cnescooter.com\/wp-content\/uploads\/2025\/06\/logo3.png\",\"width\":560,\"height\":176,\"caption\":\"Electric Motorcycle Manufacturer & Supplier | Manzhi Electric Vehicle\"},\"image\":{\"@id\":\"https:\/\/cnescooter.com\/#\/schema\/logo\/image\/\"}}]}<\/script>\n<!-- \/ Yoast SEO Premium plugin. -->","yoast_head_json":{"title":"Datenschutzbestimmungen - Elektromotorrad Hersteller &amp; Lieferant | Manzhi Electric Vehicle","robots":{"index":"index","follow":"follow","max-snippet":"max-snippet:-1","max-image-preview":"max-image-preview:large","max-video-preview":"max-video-preview:-1"},"canonical":"https:\/\/cnescooter.com\/de\/privacy-policy\/","og_locale":"de_DE","og_type":"article","og_title":"Privacy Policy","og_description":"Privacy Policy Last updated: [May 25, 2025] At CNEScooter.com, we respect and protect the privacy of our customers and visitors. This Privacy Policy explains how we collect, use, disclose, and&hellip;","og_url":"https:\/\/cnescooter.com\/de\/privacy-policy\/","og_site_name":"Electric Motorcycle Manufacturer &amp; Supplier | Manzhi Electric Vehicle","article_modified_time":"2025-05-29T15:50:16+00:00","twitter_card":"summary_large_image","twitter_misc":{"Gesch\u00e4tzte Lesezeit":"2\u00a0Minuten"},"schema":{"@context":"https:\/\/schema.org","@graph":[{"@type":"WebPage","@id":"https:\/\/cnescooter.com\/privacy-policy\/","url":"https:\/\/cnescooter.com\/privacy-policy\/","name":"Datenschutzbestimmungen - Elektromotorrad Hersteller &amp; Lieferant | Manzhi Electric Vehicle","isPartOf":{"@id":"https:\/\/cnescooter.com\/#website"},"datePublished":"2024-06-27T08:23:10+00:00","dateModified":"2025-05-29T15:50:16+00:00","breadcrumb":{"@id":"https:\/\/cnescooter.com\/privacy-policy\/#breadcrumb"},"inLanguage":"de","potentialAction":[{"@type":"ReadAction","target":["https:\/\/cnescooter.com\/privacy-policy\/"]}]},{"@type":"BreadcrumbList","@id":"https:\/\/cnescooter.com\/privacy-policy\/#breadcrumb","itemListElement":[{"@type":"ListItem","position":1,"name":"Home","item":"https:\/\/cnescooter.com\/"},{"@type":"ListItem","position":2,"name":"Privacy Policy"}]},{"@type":"WebSite","@id":"https:\/\/cnescooter.com\/#website","url":"https:\/\/cnescooter.com\/","name":"Elektromotorrad Hersteller &amp; Lieferant | Manzhi Electric Vehicle","description":"Erschwingliche, langlebige und elegante Elektromotorr\u00e4der, die auf Leistung ausgelegt sind","publisher":{"@id":"https:\/\/cnescooter.com\/#organization"},"potentialAction":[{"@type":"SearchAction","target":{"@type":"EntryPoint","urlTemplate":"https:\/\/cnescooter.com\/?s={search_term_string}"},"query-input":{"@type":"PropertyValueSpecification","valueRequired":true,"valueName":"search_term_string"}}],"inLanguage":"de"},{"@type":"Organization","@id":"https:\/\/cnescooter.com\/#organization","name":"Elektromotorrad Hersteller &amp; Lieferant | Manzhi Electric Vehicle","url":"https:\/\/cnescooter.com\/","logo":{"@type":"ImageObject","inLanguage":"de","@id":"https:\/\/cnescooter.com\/#\/schema\/logo\/image\/","url":"https:\/\/cnescooter.com\/wp-content\/uploads\/2025\/06\/logo3.png","contentUrl":"https:\/\/cnescooter.com\/wp-content\/uploads\/2025\/06\/logo3.png","width":560,"height":176,"caption":"Electric Motorcycle Manufacturer & Supplier | Manzhi Electric Vehicle"},"image":{"@id":"https:\/\/cnescooter.com\/#\/schema\/logo\/image\/"}}]}},"_links":{"self":[{"href":"https:\/\/cnescooter.com\/de\/wp-json\/wp\/v2\/pages\/12954","targetHints":{"allow":["GET"]}}],"collection":[{"href":"https:\/\/cnescooter.com\/de\/wp-json\/wp\/v2\/pages"}],"about":[{"href":"https:\/\/cnescooter.com\/de\/wp-json\/wp\/v2\/types\/page"}],"author":[{"embeddable":true,"href":"https:\/\/cnescooter.com\/de\/wp-json\/wp\/v2\/users\/2"}],"replies":[{"embeddable":true,"href":"https:\/\/cnescooter.com\/de\/wp-json\/wp\/v2\/comments?post=12954"}],"version-history":[{"count":0,"href":"https:\/\/cnescooter.com\/de\/wp-json\/wp\/v2\/pages\/12954\/revisions"}],"wp:attachment":[{"href":"https:\/\/cnescooter.com\/de\/wp-json\/wp\/v2\/media?parent=12954"}],"curies":[{"name":"wp","href":"https:\/\/api.w.org\/{rel}","templated":true}]}}