{"id":59239,"date":"2025-06-04T03:34:56","date_gmt":"2025-06-04T03:34:56","guid":{"rendered":"https:\/\/cnescooter.com\/?post_type=product&#038;p=59239"},"modified":"2025-06-04T03:35:43","modified_gmt":"2025-06-04T03:35:43","slug":"mz-q2","status":"publish","type":"product","link":"https:\/\/cnescooter.com\/de\/produkt\/mz-q2\/","title":{"rendered":"MZ-Q2"},"content":{"rendered":"<p data-start=\"53\" data-end=\"73\">Farbe: Blau, Gr\u00fcn<\/p>\n<p data-start=\"76\" data-end=\"158\">Batterie: Lithium-Batterie 36V (6A,10A,15A,20A,25A,30A) \/ 48V (6A,10A,15A,20A,25A)<\/p>\n<p data-start=\"161\" data-end=\"205\">Motorleistung: 36V\/48V 350W Hochgeschwindigkeitsmotor<\/p>\n<p data-start=\"208\" data-end=\"273\">Regler: Intelligente Vektor-Sinuswellen-Steuerung zur Leistungssteigerung<\/p>\n<p data-start=\"276\" data-end=\"312\">Nettogewicht (ohne Batterie): 26kg<\/p>\n<p data-start=\"315\" data-end=\"345\">Maximale Tragf\u00e4higkeit: 150kg<\/p>\n<p data-start=\"348\" data-end=\"387\">Instrument: Elektrische Mengenanzeige<\/p>\n<p data-start=\"390\" data-end=\"439\">Geschwindigkeit: Begrenzt auf 20-25km\/h, freigeschaltet 30-35km\/h<\/p>\n<p data-start=\"442\" data-end=\"471\">Maximaler Steigwinkel: 30\u00b0<\/p>\n<p data-start=\"474\" data-end=\"500\">Maximale Laufleistung: 25-80km<\/p>\n<p data-start=\"503\" data-end=\"559\">Reifengr\u00f6\u00dfe und -material: 26*2.10 Einbaureifen und Au\u00dfenreifen<\/p>\n<p data-start=\"562\" data-end=\"601\">Sto\u00dfd\u00e4mpfung: Sto\u00dfd\u00e4mpfer-Gabel<\/p>\n<p data-start=\"604\" data-end=\"659\">Sitzen: Flammenhemmender hochelastischer Schwamm, Leder<\/p>\n<p data-start=\"662\" data-end=\"706\">Bremsverfahren: Vordere und hintere Leitungsbremsen<\/p>\n<p data-start=\"709\" data-end=\"768\">Scheinwerfer: LED-Scheinwerfer, R\u00fcckleuchten, Bremsleuchten<\/p>\n<p data-start=\"771\" data-end=\"792\">Ladeger\u00e4t: 36V\/48V 2A<\/p>\n<p data-start=\"795\" data-end=\"822\">Aufladezeit: 6-10 Stunden<\/p>\n<p data-start=\"825\" data-end=\"859\">K\u00f6rpergr\u00f6\u00dfe (L\u00d7B\u00d7H): 187\u00d769\u00d7104 cm<\/p>\n<p data-start=\"862\" data-end=\"892\">Verpackungsgr\u00f6\u00dfe: 146\u00d724\u00d784 cm<\/p>\n<p data-start=\"895\" data-end=\"920\">Verpackungsgewicht: 4,5 kg<\/p>","protected":false},"excerpt":{"rendered":"<p>Die <strong data-start=\"970\" data-end=\"979\">MZ-Q1<\/strong> Elektrofahrrad verf\u00fcgt \u00fcber einen 350-W-Hochgeschwindigkeitsmotor mit intelligenter Vektor-Sinus-Steuerung und mehrere Lithium-Batterieoptionen, die eine Reichweite von 25-80 km und eine maximale Belastung von 150 kg bieten. Ausgestattet mit Vorder- und Hinterradbremsen, einer Sto\u00dfd\u00e4mpfergabel, einem bequemen, flammhemmenden Sitz und LED-Lichtern, sorgt es f\u00fcr einen sicheren und reibungslosen t\u00e4glichen Arbeitsweg. Sein robustes Design und die einstellbare Geschwindigkeit machen es ideal f\u00fcr den Stadtverkehr.<\/p>","protected":false},"featured_media":59234,"comment_status":"open","ping_status":"closed","template":"","meta":[],"product_brand":[],"product_cat":[270],"product_tag":[],"class_list":{"0":"post-59239","1":"product","2":"type-product","3":"status-publish","4":"has-post-thumbnail","6":"product_cat-electric-bicycle","8":"first","9":"instock","10":"shipping-taxable","11":"product-type-simple"},"yoast_head":"<!-- This site is optimized with the Yoast SEO Premium plugin v24.4 (Yoast SEO v26.9) - https:\/\/yoast.com\/product\/yoast-seo-premium-wordpress\/ -->\n<title>MZ-Q2 - Electric Motorcycle Manufacturer &amp; Supplier | Manzhi Electric Vehicle<\/title>\n<meta name=\"robots\" content=\"index, follow, max-snippet:-1, max-image-preview:large, max-video-preview:-1\" \/>\n<link rel=\"canonical\" href=\"https:\/\/cnescooter.com\/de\/produkt\/mz-q2\/\" \/>\n<meta property=\"og:locale\" content=\"de_DE\" \/>\n<meta property=\"og:type\" content=\"article\" \/>\n<meta property=\"og:title\" content=\"MZ-Q2\" \/>\n<meta property=\"og:description\" content=\"The MZ-Q1 electric bike features a 350W high-speed motor with smart vector sine wave controller and multiple lithium battery options, offering a range of 25-80km and a max load of 150kg. Equipped with front and rear brakes, shock absorber fork, comfortable flame-retardant seat, and LED lights, it ensures safe and smooth daily commuting. Its robust design and adjustable speed make it ideal for urban travel.\" \/>\n<meta property=\"og:url\" content=\"https:\/\/cnescooter.com\/de\/produkt\/mz-q2\/\" \/>\n<meta property=\"og:site_name\" content=\"Electric Motorcycle Manufacturer &amp; Supplier | Manzhi Electric Vehicle\" \/>\n<meta property=\"article:modified_time\" content=\"2025-06-04T03:35:43+00:00\" \/>\n<meta property=\"og:image\" content=\"https:\/\/cnescooter.com\/wp-content\/uploads\/2025\/06\/\u672a\u6807\u9898-3.jpg\" \/>\n\t<meta property=\"og:image:width\" content=\"800\" \/>\n\t<meta property=\"og:image:height\" content=\"800\" \/>\n\t<meta property=\"og:image:type\" content=\"image\/jpeg\" \/>\n<meta name=\"twitter:card\" content=\"summary_large_image\" \/>\n<meta name=\"twitter:label1\" content=\"Gesch\u00e4tzte Lesezeit\" \/>\n\t<meta name=\"twitter:data1\" content=\"1\u00a0Minute\" \/>\n<script type=\"application\/ld+json\" class=\"yoast-schema-graph\">{\"@context\":\"https:\/\/schema.org\",\"@graph\":[{\"@type\":\"WebPage\",\"@id\":\"https:\/\/cnescooter.com\/product\/mz-q2\/\",\"url\":\"https:\/\/cnescooter.com\/product\/mz-q2\/\",\"name\":\"MZ-Q2 - Electric Motorcycle Manufacturer &amp; Supplier | Manzhi Electric Vehicle\",\"isPartOf\":{\"@id\":\"https:\/\/cnescooter.com\/#website\"},\"primaryImageOfPage\":{\"@id\":\"https:\/\/cnescooter.com\/product\/mz-q2\/#primaryimage\"},\"image\":{\"@id\":\"https:\/\/cnescooter.com\/product\/mz-q2\/#primaryimage\"},\"thumbnailUrl\":\"https:\/\/cnescooter.com\/wp-content\/uploads\/2025\/06\/\u672a\u6807\u9898-3.jpg\",\"datePublished\":\"2025-06-04T03:34:56+00:00\",\"dateModified\":\"2025-06-04T03:35:43+00:00\",\"breadcrumb\":{\"@id\":\"https:\/\/cnescooter.com\/product\/mz-q2\/#breadcrumb\"},\"inLanguage\":\"de\",\"potentialAction\":[{\"@type\":\"ReadAction\",\"target\":[\"https:\/\/cnescooter.com\/product\/mz-q2\/\"]}]},{\"@type\":\"ImageObject\",\"inLanguage\":\"de\",\"@id\":\"https:\/\/cnescooter.com\/product\/mz-q2\/#primaryimage\",\"url\":\"https:\/\/cnescooter.com\/wp-content\/uploads\/2025\/06\/\u672a\u6807\u9898-3.jpg\",\"contentUrl\":\"https:\/\/cnescooter.com\/wp-content\/uploads\/2025\/06\/\u672a\u6807\u9898-3.jpg\",\"width\":800,\"height\":800},{\"@type\":\"BreadcrumbList\",\"@id\":\"https:\/\/cnescooter.com\/product\/mz-q2\/#breadcrumb\",\"itemListElement\":[{\"@type\":\"ListItem\",\"position\":1,\"name\":\"Home\",\"item\":\"https:\/\/cnescooter.com\/\"},{\"@type\":\"ListItem\",\"position\":2,\"name\":\"Products\",\"item\":\"https:\/\/cnescooter.com\/products\/\"},{\"@type\":\"ListItem\",\"position\":3,\"name\":\"MZ-Q2\"}]},{\"@type\":\"WebSite\",\"@id\":\"https:\/\/cnescooter.com\/#website\",\"url\":\"https:\/\/cnescooter.com\/\",\"name\":\"Electric Motorcycle Manufacturer & Supplier | Manzhi Electric Vehicle\",\"description\":\"Affordable, Durable, and Stylish Electric Motorcycles Built for Performance\",\"publisher\":{\"@id\":\"https:\/\/cnescooter.com\/#organization\"},\"potentialAction\":[{\"@type\":\"SearchAction\",\"target\":{\"@type\":\"EntryPoint\",\"urlTemplate\":\"https:\/\/cnescooter.com\/?s={search_term_string}\"},\"query-input\":{\"@type\":\"PropertyValueSpecification\",\"valueRequired\":true,\"valueName\":\"search_term_string\"}}],\"inLanguage\":\"de\"},{\"@type\":\"Organization\",\"@id\":\"https:\/\/cnescooter.com\/#organization\",\"name\":\"Electric Motorcycle Manufacturer & Supplier | Manzhi Electric Vehicle\",\"url\":\"https:\/\/cnescooter.com\/\",\"logo\":{\"@type\":\"ImageObject\",\"inLanguage\":\"de\",\"@id\":\"https:\/\/cnescooter.com\/#\/schema\/logo\/image\/\",\"url\":\"https:\/\/cnescooter.com\/wp-content\/uploads\/2025\/06\/logo3.png\",\"contentUrl\":\"https:\/\/cnescooter.com\/wp-content\/uploads\/2025\/06\/logo3.png\",\"width\":560,\"height\":176,\"caption\":\"Electric Motorcycle Manufacturer & Supplier | Manzhi Electric Vehicle\"},\"image\":{\"@id\":\"https:\/\/cnescooter.com\/#\/schema\/logo\/image\/\"}}]}<\/script>\n<!-- \/ Yoast SEO Premium plugin. -->","yoast_head_json":{"title":"MZ-Q2 - Elektromotorrad Hersteller &amp; Lieferant | Manzhi Electric Vehicle","robots":{"index":"index","follow":"follow","max-snippet":"max-snippet:-1","max-image-preview":"max-image-preview:large","max-video-preview":"max-video-preview:-1"},"canonical":"https:\/\/cnescooter.com\/de\/produkt\/mz-q2\/","og_locale":"de_DE","og_type":"article","og_title":"MZ-Q2","og_description":"The MZ-Q1 electric bike features a 350W high-speed motor with smart vector sine wave controller and multiple lithium battery options, offering a range of 25-80km and a max load of 150kg. Equipped with front and rear brakes, shock absorber fork, comfortable flame-retardant seat, and LED lights, it ensures safe and smooth daily commuting. Its robust design and adjustable speed make it ideal for urban travel.","og_url":"https:\/\/cnescooter.com\/de\/produkt\/mz-q2\/","og_site_name":"Electric Motorcycle Manufacturer &amp; Supplier | Manzhi Electric Vehicle","article_modified_time":"2025-06-04T03:35:43+00:00","og_image":[{"width":800,"height":800,"url":"https:\/\/cnescooter.com\/wp-content\/uploads\/2025\/06\/\u672a\u6807\u9898-3.jpg","type":"image\/jpeg"}],"twitter_card":"summary_large_image","twitter_misc":{"Gesch\u00e4tzte Lesezeit":"1\u00a0Minute"},"schema":{"@context":"https:\/\/schema.org","@graph":[{"@type":"WebPage","@id":"https:\/\/cnescooter.com\/product\/mz-q2\/","url":"https:\/\/cnescooter.com\/product\/mz-q2\/","name":"MZ-Q2 - Elektromotorrad Hersteller &amp; Lieferant | Manzhi Electric Vehicle","isPartOf":{"@id":"https:\/\/cnescooter.com\/#website"},"primaryImageOfPage":{"@id":"https:\/\/cnescooter.com\/product\/mz-q2\/#primaryimage"},"image":{"@id":"https:\/\/cnescooter.com\/product\/mz-q2\/#primaryimage"},"thumbnailUrl":"https:\/\/cnescooter.com\/wp-content\/uploads\/2025\/06\/\u672a\u6807\u9898-3.jpg","datePublished":"2025-06-04T03:34:56+00:00","dateModified":"2025-06-04T03:35:43+00:00","breadcrumb":{"@id":"https:\/\/cnescooter.com\/product\/mz-q2\/#breadcrumb"},"inLanguage":"de","potentialAction":[{"@type":"ReadAction","target":["https:\/\/cnescooter.com\/product\/mz-q2\/"]}]},{"@type":"ImageObject","inLanguage":"de","@id":"https:\/\/cnescooter.com\/product\/mz-q2\/#primaryimage","url":"https:\/\/cnescooter.com\/wp-content\/uploads\/2025\/06\/\u672a\u6807\u9898-3.jpg","contentUrl":"https:\/\/cnescooter.com\/wp-content\/uploads\/2025\/06\/\u672a\u6807\u9898-3.jpg","width":800,"height":800},{"@type":"BreadcrumbList","@id":"https:\/\/cnescooter.com\/product\/mz-q2\/#breadcrumb","itemListElement":[{"@type":"ListItem","position":1,"name":"Home","item":"https:\/\/cnescooter.com\/"},{"@type":"ListItem","position":2,"name":"Products","item":"https:\/\/cnescooter.com\/products\/"},{"@type":"ListItem","position":3,"name":"MZ-Q2"}]},{"@type":"WebSite","@id":"https:\/\/cnescooter.com\/#website","url":"https:\/\/cnescooter.com\/","name":"Elektromotorrad Hersteller &amp; Lieferant | Manzhi Electric Vehicle","description":"Erschwingliche, langlebige und elegante Elektromotorr\u00e4der, die auf Leistung ausgelegt sind","publisher":{"@id":"https:\/\/cnescooter.com\/#organization"},"potentialAction":[{"@type":"SearchAction","target":{"@type":"EntryPoint","urlTemplate":"https:\/\/cnescooter.com\/?s={search_term_string}"},"query-input":{"@type":"PropertyValueSpecification","valueRequired":true,"valueName":"search_term_string"}}],"inLanguage":"de"},{"@type":"Organization","@id":"https:\/\/cnescooter.com\/#organization","name":"Elektromotorrad Hersteller &amp; Lieferant | Manzhi Electric Vehicle","url":"https:\/\/cnescooter.com\/","logo":{"@type":"ImageObject","inLanguage":"de","@id":"https:\/\/cnescooter.com\/#\/schema\/logo\/image\/","url":"https:\/\/cnescooter.com\/wp-content\/uploads\/2025\/06\/logo3.png","contentUrl":"https:\/\/cnescooter.com\/wp-content\/uploads\/2025\/06\/logo3.png","width":560,"height":176,"caption":"Electric Motorcycle Manufacturer & Supplier | Manzhi Electric Vehicle"},"image":{"@id":"https:\/\/cnescooter.com\/#\/schema\/logo\/image\/"}}]}},"_links":{"self":[{"href":"https:\/\/cnescooter.com\/de\/wp-json\/wp\/v2\/product\/59239","targetHints":{"allow":["GET"]}}],"collection":[{"href":"https:\/\/cnescooter.com\/de\/wp-json\/wp\/v2\/product"}],"about":[{"href":"https:\/\/cnescooter.com\/de\/wp-json\/wp\/v2\/types\/product"}],"replies":[{"embeddable":true,"href":"https:\/\/cnescooter.com\/de\/wp-json\/wp\/v2\/comments?post=59239"}],"wp:featuredmedia":[{"embeddable":true,"href":"https:\/\/cnescooter.com\/de\/wp-json\/wp\/v2\/media\/59234"}],"wp:attachment":[{"href":"https:\/\/cnescooter.com\/de\/wp-json\/wp\/v2\/media?parent=59239"}],"wp:term":[{"taxonomy":"product_brand","embeddable":true,"href":"https:\/\/cnescooter.com\/de\/wp-json\/wp\/v2\/product_brand?post=59239"},{"taxonomy":"product_cat","embeddable":true,"href":"https:\/\/cnescooter.com\/de\/wp-json\/wp\/v2\/product_cat?post=59239"},{"taxonomy":"product_tag","embeddable":true,"href":"https:\/\/cnescooter.com\/de\/wp-json\/wp\/v2\/product_tag?post=59239"}],"curies":[{"name":"wp","href":"https:\/\/api.w.org\/{rel}","templated":true}]}}