{"id":59240,"date":"2025-06-04T03:37:59","date_gmt":"2025-06-04T03:37:59","guid":{"rendered":"https:\/\/cnescooter.com\/?post_type=product&#038;p=59240"},"modified":"2025-06-04T03:56:46","modified_gmt":"2025-06-04T03:56:46","slug":"mz-d1-d2","status":"publish","type":"product","link":"https:\/\/cnescooter.com\/de\/produkt\/mz-d1-d2\/","title":{"rendered":"MZ-D1\/D2"},"content":{"rendered":"<p data-start=\"53\" data-end=\"73\">Farbe: Beige, Blau<\/p>\n<p data-start=\"76\" data-end=\"158\">Batterie: Lithium-Batterie 36V (6A,10A,15A,20A,25A,30A) \/ 48V (6A,10A,15A,20A,25A)<\/p>\n<p data-start=\"161\" data-end=\"205\">Motorleistung: 36V\/48V 350W Hochgeschwindigkeitsmotor<\/p>\n<p data-start=\"208\" data-end=\"273\">Regler: Intelligente Vektor-Sinuswellen-Steuerung zur Leistungssteigerung<\/p>\n<p data-start=\"276\" data-end=\"314\">Nettogewicht (ohne Batterie): 22,5kg<\/p>\n<p data-start=\"317\" data-end=\"347\">Maximale Tragf\u00e4higkeit: 150kg<\/p>\n<p data-start=\"350\" data-end=\"389\">Instrument: Elektrische Mengenanzeige<\/p>\n<p data-start=\"392\" data-end=\"441\">Geschwindigkeit: Begrenzt auf 20-25km\/h, freigeschaltet 30-35km\/h<\/p>\n<p data-start=\"444\" data-end=\"472\">Maximale Fahrneigung: 30\u00b0<\/p>\n<p data-start=\"475\" data-end=\"501\">Maximale Laufleistung: 25-80km<\/p>\n<p data-start=\"504\" data-end=\"582\">Reifengr\u00f6\u00dfe und -material: 24<em data-start=\"528\" data-end=\"539\">1.95 \/ 26<\/em>2.10 eingebaute gro\u00dfe Innen- und Au\u00dfenreifen<\/p>\n<p data-start=\"585\" data-end=\"624\">Sto\u00dfd\u00e4mpfung: Sto\u00dfd\u00e4mpfer-Gabel<\/p>\n<p data-start=\"627\" data-end=\"682\">Sitzen: Flammenhemmender hochelastischer Schwamm, Leder<\/p>\n<p data-start=\"685\" data-end=\"729\">Bremsverfahren: Vordere und hintere Leitungsbremsen<\/p>\n<p data-start=\"732\" data-end=\"791\">Scheinwerfer: LED-Scheinwerfer, R\u00fcckleuchten, Bremsleuchten<\/p>\n<p data-start=\"794\" data-end=\"815\">Ladeger\u00e4t: 36V\/48V 2A<\/p>\n<p data-start=\"818\" data-end=\"845\">Aufladezeit: 6-10 Stunden<\/p>\n<p data-start=\"848\" data-end=\"882\">K\u00f6rpergr\u00f6\u00dfe (L\u00d7B\u00d7H): 176\u00d769\u00d7103 cm<\/p>\n<p data-start=\"885\" data-end=\"915\">Verpackungsgr\u00f6\u00dfe: 146\u00d724\u00d784 cm<\/p>\n<p data-start=\"918\" data-end=\"943\">Verpackungsgewicht: 5,9 kg<\/p>","protected":false},"excerpt":{"rendered":"<p>Die <strong data-start=\"993\" data-end=\"1002\">MZ-Q2<\/strong> Elektrofahrrad verf\u00fcgt \u00fcber einen leistungsstarken 350-W-Hochgeschwindigkeitsmotor in Verbindung mit einem intelligenten Vektor-Sinuswellenregler. Erh\u00e4ltlich mit mehreren Lithium-Batterie-Optionen, bietet es eine Reichweite von 25-80 km und unterst\u00fctzt eine maximale Last von 150 kg. Ausgestattet mit gro\u00dfen Innen- und Au\u00dfenreifen, Vorder- und Hinterradbremsen, Sto\u00dfd\u00e4mpfergabel und LED-Beleuchtung sorgt es f\u00fcr eine komfortable und sichere Fahrt. Sein schlankes Design und die einstellbare Geschwindigkeit machen es perfekt f\u00fcr den st\u00e4dtischen Pendlerverkehr.<\/p>","protected":false},"featured_media":59235,"comment_status":"open","ping_status":"closed","template":"","meta":[],"product_brand":[],"product_cat":[270],"product_tag":[],"class_list":{"0":"post-59240","1":"product","2":"type-product","3":"status-publish","4":"has-post-thumbnail","6":"product_cat-electric-bicycle","8":"first","9":"instock","10":"shipping-taxable","11":"product-type-simple"},"yoast_head":"<!-- This site is optimized with the Yoast SEO Premium plugin v24.4 (Yoast SEO v26.9) - https:\/\/yoast.com\/product\/yoast-seo-premium-wordpress\/ -->\n<title>MZ-D1\/D2 - Electric Motorcycle Manufacturer &amp; Supplier | Manzhi Electric Vehicle<\/title>\n<meta name=\"robots\" content=\"index, follow, max-snippet:-1, max-image-preview:large, max-video-preview:-1\" \/>\n<link rel=\"canonical\" href=\"https:\/\/cnescooter.com\/de\/produkt\/mz-d1-d2\/\" \/>\n<meta property=\"og:locale\" content=\"de_DE\" \/>\n<meta property=\"og:type\" content=\"article\" \/>\n<meta property=\"og:title\" content=\"MZ-D1\/D2\" \/>\n<meta property=\"og:description\" content=\"The MZ-Q2 electric bike features a powerful 350W high-speed motor paired with an intelligent vector sine wave controller. Available with multiple lithium battery options, it offers a range of 25-80km and supports a maximum load of 150kg. Equipped with large inner and outer tires, front and rear line brakes, shock absorber fork, and LED lighting, it ensures a comfortable and safe ride. Its sleek design and adjustable speed make it perfect for urban commuting.\" \/>\n<meta property=\"og:url\" content=\"https:\/\/cnescooter.com\/de\/produkt\/mz-d1-d2\/\" \/>\n<meta property=\"og:site_name\" content=\"Electric Motorcycle Manufacturer &amp; Supplier | Manzhi Electric Vehicle\" \/>\n<meta property=\"article:modified_time\" content=\"2025-06-04T03:56:46+00:00\" \/>\n<meta property=\"og:image\" content=\"https:\/\/cnescooter.com\/wp-content\/uploads\/2025\/06\/\u672a\u6807\u9898-4.jpg\" \/>\n\t<meta property=\"og:image:width\" content=\"800\" \/>\n\t<meta property=\"og:image:height\" content=\"800\" \/>\n\t<meta property=\"og:image:type\" content=\"image\/jpeg\" \/>\n<meta name=\"twitter:card\" content=\"summary_large_image\" \/>\n<meta name=\"twitter:label1\" content=\"Gesch\u00e4tzte Lesezeit\" \/>\n\t<meta name=\"twitter:data1\" content=\"1\u00a0Minute\" \/>\n<script type=\"application\/ld+json\" class=\"yoast-schema-graph\">{\"@context\":\"https:\/\/schema.org\",\"@graph\":[{\"@type\":\"WebPage\",\"@id\":\"https:\/\/cnescooter.com\/product\/mz-d1-d2\/\",\"url\":\"https:\/\/cnescooter.com\/product\/mz-d1-d2\/\",\"name\":\"MZ-D1\/D2 - Electric Motorcycle Manufacturer &amp; Supplier | Manzhi Electric Vehicle\",\"isPartOf\":{\"@id\":\"https:\/\/cnescooter.com\/#website\"},\"primaryImageOfPage\":{\"@id\":\"https:\/\/cnescooter.com\/product\/mz-d1-d2\/#primaryimage\"},\"image\":{\"@id\":\"https:\/\/cnescooter.com\/product\/mz-d1-d2\/#primaryimage\"},\"thumbnailUrl\":\"https:\/\/cnescooter.com\/wp-content\/uploads\/2025\/06\/\u672a\u6807\u9898-4.jpg\",\"datePublished\":\"2025-06-04T03:37:59+00:00\",\"dateModified\":\"2025-06-04T03:56:46+00:00\",\"breadcrumb\":{\"@id\":\"https:\/\/cnescooter.com\/product\/mz-d1-d2\/#breadcrumb\"},\"inLanguage\":\"de\",\"potentialAction\":[{\"@type\":\"ReadAction\",\"target\":[\"https:\/\/cnescooter.com\/product\/mz-d1-d2\/\"]}]},{\"@type\":\"ImageObject\",\"inLanguage\":\"de\",\"@id\":\"https:\/\/cnescooter.com\/product\/mz-d1-d2\/#primaryimage\",\"url\":\"https:\/\/cnescooter.com\/wp-content\/uploads\/2025\/06\/\u672a\u6807\u9898-4.jpg\",\"contentUrl\":\"https:\/\/cnescooter.com\/wp-content\/uploads\/2025\/06\/\u672a\u6807\u9898-4.jpg\",\"width\":800,\"height\":800},{\"@type\":\"BreadcrumbList\",\"@id\":\"https:\/\/cnescooter.com\/product\/mz-d1-d2\/#breadcrumb\",\"itemListElement\":[{\"@type\":\"ListItem\",\"position\":1,\"name\":\"Home\",\"item\":\"https:\/\/cnescooter.com\/\"},{\"@type\":\"ListItem\",\"position\":2,\"name\":\"Products\",\"item\":\"https:\/\/cnescooter.com\/products\/\"},{\"@type\":\"ListItem\",\"position\":3,\"name\":\"MZ-D1\/D2\"}]},{\"@type\":\"WebSite\",\"@id\":\"https:\/\/cnescooter.com\/#website\",\"url\":\"https:\/\/cnescooter.com\/\",\"name\":\"Electric Motorcycle Manufacturer & Supplier | Manzhi Electric Vehicle\",\"description\":\"Affordable, Durable, and Stylish Electric Motorcycles Built for Performance\",\"publisher\":{\"@id\":\"https:\/\/cnescooter.com\/#organization\"},\"potentialAction\":[{\"@type\":\"SearchAction\",\"target\":{\"@type\":\"EntryPoint\",\"urlTemplate\":\"https:\/\/cnescooter.com\/?s={search_term_string}\"},\"query-input\":{\"@type\":\"PropertyValueSpecification\",\"valueRequired\":true,\"valueName\":\"search_term_string\"}}],\"inLanguage\":\"de\"},{\"@type\":\"Organization\",\"@id\":\"https:\/\/cnescooter.com\/#organization\",\"name\":\"Electric Motorcycle Manufacturer & Supplier | Manzhi Electric Vehicle\",\"url\":\"https:\/\/cnescooter.com\/\",\"logo\":{\"@type\":\"ImageObject\",\"inLanguage\":\"de\",\"@id\":\"https:\/\/cnescooter.com\/#\/schema\/logo\/image\/\",\"url\":\"https:\/\/cnescooter.com\/wp-content\/uploads\/2025\/06\/logo3.png\",\"contentUrl\":\"https:\/\/cnescooter.com\/wp-content\/uploads\/2025\/06\/logo3.png\",\"width\":560,\"height\":176,\"caption\":\"Electric Motorcycle Manufacturer & Supplier | Manzhi Electric Vehicle\"},\"image\":{\"@id\":\"https:\/\/cnescooter.com\/#\/schema\/logo\/image\/\"}}]}<\/script>\n<!-- \/ Yoast SEO Premium plugin. -->","yoast_head_json":{"title":"MZ-D1\/D2 - Elektromotorrad Hersteller &amp; Lieferant | Manzhi Electric Vehicle","robots":{"index":"index","follow":"follow","max-snippet":"max-snippet:-1","max-image-preview":"max-image-preview:large","max-video-preview":"max-video-preview:-1"},"canonical":"https:\/\/cnescooter.com\/de\/produkt\/mz-d1-d2\/","og_locale":"de_DE","og_type":"article","og_title":"MZ-D1\/D2","og_description":"The MZ-Q2 electric bike features a powerful 350W high-speed motor paired with an intelligent vector sine wave controller. Available with multiple lithium battery options, it offers a range of 25-80km and supports a maximum load of 150kg. Equipped with large inner and outer tires, front and rear line brakes, shock absorber fork, and LED lighting, it ensures a comfortable and safe ride. Its sleek design and adjustable speed make it perfect for urban commuting.","og_url":"https:\/\/cnescooter.com\/de\/produkt\/mz-d1-d2\/","og_site_name":"Electric Motorcycle Manufacturer &amp; Supplier | Manzhi Electric Vehicle","article_modified_time":"2025-06-04T03:56:46+00:00","og_image":[{"width":800,"height":800,"url":"https:\/\/cnescooter.com\/wp-content\/uploads\/2025\/06\/\u672a\u6807\u9898-4.jpg","type":"image\/jpeg"}],"twitter_card":"summary_large_image","twitter_misc":{"Gesch\u00e4tzte Lesezeit":"1\u00a0Minute"},"schema":{"@context":"https:\/\/schema.org","@graph":[{"@type":"WebPage","@id":"https:\/\/cnescooter.com\/product\/mz-d1-d2\/","url":"https:\/\/cnescooter.com\/product\/mz-d1-d2\/","name":"MZ-D1\/D2 - Elektromotorrad Hersteller &amp; Lieferant | Manzhi Electric Vehicle","isPartOf":{"@id":"https:\/\/cnescooter.com\/#website"},"primaryImageOfPage":{"@id":"https:\/\/cnescooter.com\/product\/mz-d1-d2\/#primaryimage"},"image":{"@id":"https:\/\/cnescooter.com\/product\/mz-d1-d2\/#primaryimage"},"thumbnailUrl":"https:\/\/cnescooter.com\/wp-content\/uploads\/2025\/06\/\u672a\u6807\u9898-4.jpg","datePublished":"2025-06-04T03:37:59+00:00","dateModified":"2025-06-04T03:56:46+00:00","breadcrumb":{"@id":"https:\/\/cnescooter.com\/product\/mz-d1-d2\/#breadcrumb"},"inLanguage":"de","potentialAction":[{"@type":"ReadAction","target":["https:\/\/cnescooter.com\/product\/mz-d1-d2\/"]}]},{"@type":"ImageObject","inLanguage":"de","@id":"https:\/\/cnescooter.com\/product\/mz-d1-d2\/#primaryimage","url":"https:\/\/cnescooter.com\/wp-content\/uploads\/2025\/06\/\u672a\u6807\u9898-4.jpg","contentUrl":"https:\/\/cnescooter.com\/wp-content\/uploads\/2025\/06\/\u672a\u6807\u9898-4.jpg","width":800,"height":800},{"@type":"BreadcrumbList","@id":"https:\/\/cnescooter.com\/product\/mz-d1-d2\/#breadcrumb","itemListElement":[{"@type":"ListItem","position":1,"name":"Home","item":"https:\/\/cnescooter.com\/"},{"@type":"ListItem","position":2,"name":"Products","item":"https:\/\/cnescooter.com\/products\/"},{"@type":"ListItem","position":3,"name":"MZ-D1\/D2"}]},{"@type":"WebSite","@id":"https:\/\/cnescooter.com\/#website","url":"https:\/\/cnescooter.com\/","name":"Elektromotorrad Hersteller &amp; Lieferant | Manzhi Electric Vehicle","description":"Erschwingliche, langlebige und elegante Elektromotorr\u00e4der, die auf Leistung ausgelegt sind","publisher":{"@id":"https:\/\/cnescooter.com\/#organization"},"potentialAction":[{"@type":"SearchAction","target":{"@type":"EntryPoint","urlTemplate":"https:\/\/cnescooter.com\/?s={search_term_string}"},"query-input":{"@type":"PropertyValueSpecification","valueRequired":true,"valueName":"search_term_string"}}],"inLanguage":"de"},{"@type":"Organization","@id":"https:\/\/cnescooter.com\/#organization","name":"Elektromotorrad Hersteller &amp; Lieferant | Manzhi Electric Vehicle","url":"https:\/\/cnescooter.com\/","logo":{"@type":"ImageObject","inLanguage":"de","@id":"https:\/\/cnescooter.com\/#\/schema\/logo\/image\/","url":"https:\/\/cnescooter.com\/wp-content\/uploads\/2025\/06\/logo3.png","contentUrl":"https:\/\/cnescooter.com\/wp-content\/uploads\/2025\/06\/logo3.png","width":560,"height":176,"caption":"Electric Motorcycle Manufacturer & Supplier | Manzhi Electric Vehicle"},"image":{"@id":"https:\/\/cnescooter.com\/#\/schema\/logo\/image\/"}}]}},"_links":{"self":[{"href":"https:\/\/cnescooter.com\/de\/wp-json\/wp\/v2\/product\/59240","targetHints":{"allow":["GET"]}}],"collection":[{"href":"https:\/\/cnescooter.com\/de\/wp-json\/wp\/v2\/product"}],"about":[{"href":"https:\/\/cnescooter.com\/de\/wp-json\/wp\/v2\/types\/product"}],"replies":[{"embeddable":true,"href":"https:\/\/cnescooter.com\/de\/wp-json\/wp\/v2\/comments?post=59240"}],"wp:featuredmedia":[{"embeddable":true,"href":"https:\/\/cnescooter.com\/de\/wp-json\/wp\/v2\/media\/59235"}],"wp:attachment":[{"href":"https:\/\/cnescooter.com\/de\/wp-json\/wp\/v2\/media?parent=59240"}],"wp:term":[{"taxonomy":"product_brand","embeddable":true,"href":"https:\/\/cnescooter.com\/de\/wp-json\/wp\/v2\/product_brand?post=59240"},{"taxonomy":"product_cat","embeddable":true,"href":"https:\/\/cnescooter.com\/de\/wp-json\/wp\/v2\/product_cat?post=59240"},{"taxonomy":"product_tag","embeddable":true,"href":"https:\/\/cnescooter.com\/de\/wp-json\/wp\/v2\/product_tag?post=59240"}],"curies":[{"name":"wp","href":"https:\/\/api.w.org\/{rel}","templated":true}]}}