{"id":59263,"date":"2025-06-04T05:23:23","date_gmt":"2025-06-04T05:23:23","guid":{"rendered":"https:\/\/cnescooter.com\/?post_type=product&#038;p=59263"},"modified":"2025-06-04T05:23:23","modified_gmt":"2025-06-04T05:23:23","slug":"mz-em09","status":"publish","type":"product","link":"https:\/\/cnescooter.com\/de\/produkt\/mz-em09\/","title":{"rendered":"MZ-EM09"},"content":{"rendered":"<div class=\"paragraph\">H\u00f6chstgeschwindigkeit: 25 km\/h<\/div>\n<div class=\"paragraph\">Gewicht: 11 kg<\/div>\n<div class=\"paragraph\">Ungeklappt Gr\u00f6\u00dfe: 940\u00d71160\u00d7210 mm<\/div>\n<div class=\"paragraph\">Batterie: 36V\/6AH oder 36V 7.8AH Lithium-Batterie<\/div>\n<div class=\"paragraph\">Ladeger\u00e4t Spannung: 100-220V 50-60Hz<\/div>\n<div class=\"paragraph\">Aufladezeit: 3-4 Stunden<\/div>\n<div class=\"paragraph\">Zusammengeklappt Gr\u00f6\u00dfe: 940\u00d7330\u00d7150 cm<\/div>\n<div class=\"paragraph\">Reichweite pro Ladung: 20-25 km<\/div>\n<div class=\"paragraph\">Maximale Belastung: 120 kg<\/div>\n<div class=\"paragraph\">Maximaler Steigwinkel: 15\u00b0<\/div>\n<div class=\"paragraph\">Motor: 350W<\/div>\n<div class=\"paragraph\">Merkmale: Sto\u00dfd\u00e4mpfer vorne und hinten, LCD-Display (Geschwindigkeit, Reichweite, Leistungsanzeige, Zeit)<\/div>\n<div class=\"paragraph\"><strong>Gewicht<\/strong>:<\/div>\n<div class=\"paragraph\">Bruttogewicht: 15 kg<\/div>\n<div class=\"paragraph\">Nettogewicht: 11 kg<\/div>","protected":false},"excerpt":{"rendered":"<p><span class=\"relative -mx-px my-[-0.2rem] rounded px-px py-[0.2rem] transition-colors duration-100 ease-in-out\">Der MZ-EM09 wird von einem 1500 W starken b\u00fcrstenlosen Gleichstrommotor und einem 60 V 20 Ah Blei-S\u00e4ure-Akku angetrieben und bietet eine H\u00f6chstgeschwindigkeit von bis zu 60 km\/h und eine Reichweite von 60-80 km pro Ladung.<\/span> <span class=\"relative -mx-px my-[-0.2rem] rounded px-px py-[0.2rem] transition-colors duration-100 ease-in-out\">Der Hinterradantrieb und die 3.00-10-Reifen sorgen f\u00fcr Stabilit\u00e4t und Kontrolle, w\u00e4hrend das Gewicht des Rollers einschlie\u00dflich der Batterie \u226460 kg betr\u00e4gt.<\/span> <span class=\"relative -mx-px my-[-0.2rem] rounded px-px py-[0.2rem] transition-colors duration-100 ease-in-out\">Mit einer Ladekapazit\u00e4t von \u2264100 kg und einem Radstand von 1200 mm bietet er einen hohen Fahrkomfort.<\/span> <span class=\"relative -mx-px my-[-0.2rem] rounded px-px py-[0.2rem] transition-colors duration-100 ease-in-out\">Durch sein kompaktes Design mit einem Packma\u00df von 1750\u00d7560\u00d71050 mm ist er f\u00fcr den Stadtverkehr und die Lagerung geeignet.<\/span><\/p>","protected":false},"featured_media":59250,"comment_status":"open","ping_status":"closed","template":"","meta":[],"product_brand":[],"product_cat":[268],"product_tag":[],"class_list":{"0":"post-59263","1":"product","2":"type-product","3":"status-publish","4":"has-post-thumbnail","6":"product_cat-electric-scooters","8":"first","9":"instock","10":"shipping-taxable","11":"product-type-simple"},"yoast_head":"<!-- This site is optimized with the Yoast SEO Premium plugin v24.4 (Yoast SEO v26.9) - https:\/\/yoast.com\/product\/yoast-seo-premium-wordpress\/ -->\n<title>MZ-EM09 - Electric Motorcycle Manufacturer &amp; Supplier | Manzhi Electric Vehicle<\/title>\n<meta name=\"robots\" content=\"index, follow, max-snippet:-1, max-image-preview:large, max-video-preview:-1\" \/>\n<link rel=\"canonical\" href=\"https:\/\/cnescooter.com\/de\/produkt\/mz-em09\/\" \/>\n<meta property=\"og:locale\" content=\"de_DE\" \/>\n<meta property=\"og:type\" content=\"article\" \/>\n<meta property=\"og:title\" content=\"MZ-EM09\" \/>\n<meta property=\"og:description\" content=\"The MZ-EM09 is powered by a 1500W brushless DC motor and a 60V 20Ah lead-acid battery, offering a top speed of up to 60 km\/h and a range of 60\u201380 km per charge. Its rear-wheel drive and 3.00-10 tires provide stability and control, while the scooter&#039;s weight, including the battery, is \u226460 kg. With a loading capacity of \u2264100 kg and a wheelbase of 1200 mm, it ensures a comfortable ride. The compact design, with a packing size of 1750\u00d7560\u00d71050 mm, makes it suitable for urban commuting and storage.\" \/>\n<meta property=\"og:url\" content=\"https:\/\/cnescooter.com\/de\/produkt\/mz-em09\/\" \/>\n<meta property=\"og:site_name\" content=\"Electric Motorcycle Manufacturer &amp; Supplier | Manzhi Electric Vehicle\" \/>\n<meta property=\"og:image\" content=\"https:\/\/cnescooter.com\/wp-content\/uploads\/2025\/06\/\u672a\u6807\u9898-3-1.jpg\" \/>\n\t<meta property=\"og:image:width\" content=\"600\" \/>\n\t<meta property=\"og:image:height\" content=\"600\" \/>\n\t<meta property=\"og:image:type\" content=\"image\/jpeg\" \/>\n<meta name=\"twitter:card\" content=\"summary_large_image\" \/>\n<script type=\"application\/ld+json\" class=\"yoast-schema-graph\">{\"@context\":\"https:\/\/schema.org\",\"@graph\":[{\"@type\":\"WebPage\",\"@id\":\"https:\/\/cnescooter.com\/product\/mz-em09\/\",\"url\":\"https:\/\/cnescooter.com\/product\/mz-em09\/\",\"name\":\"MZ-EM09 - Electric Motorcycle Manufacturer &amp; Supplier | Manzhi Electric Vehicle\",\"isPartOf\":{\"@id\":\"https:\/\/cnescooter.com\/#website\"},\"primaryImageOfPage\":{\"@id\":\"https:\/\/cnescooter.com\/product\/mz-em09\/#primaryimage\"},\"image\":{\"@id\":\"https:\/\/cnescooter.com\/product\/mz-em09\/#primaryimage\"},\"thumbnailUrl\":\"https:\/\/cnescooter.com\/wp-content\/uploads\/2025\/06\/\u672a\u6807\u9898-3-1.jpg\",\"datePublished\":\"2025-06-04T05:23:23+00:00\",\"breadcrumb\":{\"@id\":\"https:\/\/cnescooter.com\/product\/mz-em09\/#breadcrumb\"},\"inLanguage\":\"de\",\"potentialAction\":[{\"@type\":\"ReadAction\",\"target\":[\"https:\/\/cnescooter.com\/product\/mz-em09\/\"]}]},{\"@type\":\"ImageObject\",\"inLanguage\":\"de\",\"@id\":\"https:\/\/cnescooter.com\/product\/mz-em09\/#primaryimage\",\"url\":\"https:\/\/cnescooter.com\/wp-content\/uploads\/2025\/06\/\u672a\u6807\u9898-3-1.jpg\",\"contentUrl\":\"https:\/\/cnescooter.com\/wp-content\/uploads\/2025\/06\/\u672a\u6807\u9898-3-1.jpg\",\"width\":600,\"height\":600},{\"@type\":\"BreadcrumbList\",\"@id\":\"https:\/\/cnescooter.com\/product\/mz-em09\/#breadcrumb\",\"itemListElement\":[{\"@type\":\"ListItem\",\"position\":1,\"name\":\"Home\",\"item\":\"https:\/\/cnescooter.com\/\"},{\"@type\":\"ListItem\",\"position\":2,\"name\":\"Products\",\"item\":\"https:\/\/cnescooter.com\/products\/\"},{\"@type\":\"ListItem\",\"position\":3,\"name\":\"MZ-EM09\"}]},{\"@type\":\"WebSite\",\"@id\":\"https:\/\/cnescooter.com\/#website\",\"url\":\"https:\/\/cnescooter.com\/\",\"name\":\"Electric Motorcycle Manufacturer & Supplier | Manzhi Electric Vehicle\",\"description\":\"Affordable, Durable, and Stylish Electric Motorcycles Built for Performance\",\"publisher\":{\"@id\":\"https:\/\/cnescooter.com\/#organization\"},\"potentialAction\":[{\"@type\":\"SearchAction\",\"target\":{\"@type\":\"EntryPoint\",\"urlTemplate\":\"https:\/\/cnescooter.com\/?s={search_term_string}\"},\"query-input\":{\"@type\":\"PropertyValueSpecification\",\"valueRequired\":true,\"valueName\":\"search_term_string\"}}],\"inLanguage\":\"de\"},{\"@type\":\"Organization\",\"@id\":\"https:\/\/cnescooter.com\/#organization\",\"name\":\"Electric Motorcycle Manufacturer & Supplier | Manzhi Electric Vehicle\",\"url\":\"https:\/\/cnescooter.com\/\",\"logo\":{\"@type\":\"ImageObject\",\"inLanguage\":\"de\",\"@id\":\"https:\/\/cnescooter.com\/#\/schema\/logo\/image\/\",\"url\":\"https:\/\/cnescooter.com\/wp-content\/uploads\/2025\/06\/logo3.png\",\"contentUrl\":\"https:\/\/cnescooter.com\/wp-content\/uploads\/2025\/06\/logo3.png\",\"width\":560,\"height\":176,\"caption\":\"Electric Motorcycle Manufacturer & Supplier | Manzhi Electric Vehicle\"},\"image\":{\"@id\":\"https:\/\/cnescooter.com\/#\/schema\/logo\/image\/\"}}]}<\/script>\n<!-- \/ Yoast SEO Premium plugin. -->","yoast_head_json":{"title":"MZ-EM09 - Elektromotorrad Hersteller &amp; Lieferant | Manzhi Electric Vehicle","robots":{"index":"index","follow":"follow","max-snippet":"max-snippet:-1","max-image-preview":"max-image-preview:large","max-video-preview":"max-video-preview:-1"},"canonical":"https:\/\/cnescooter.com\/de\/produkt\/mz-em09\/","og_locale":"de_DE","og_type":"article","og_title":"MZ-EM09","og_description":"The MZ-EM09 is powered by a 1500W brushless DC motor and a 60V 20Ah lead-acid battery, offering a top speed of up to 60 km\/h and a range of 60\u201380 km per charge. Its rear-wheel drive and 3.00-10 tires provide stability and control, while the scooter's weight, including the battery, is \u226460 kg. With a loading capacity of \u2264100 kg and a wheelbase of 1200 mm, it ensures a comfortable ride. The compact design, with a packing size of 1750\u00d7560\u00d71050 mm, makes it suitable for urban commuting and storage.","og_url":"https:\/\/cnescooter.com\/de\/produkt\/mz-em09\/","og_site_name":"Electric Motorcycle Manufacturer &amp; Supplier | Manzhi Electric Vehicle","og_image":[{"width":600,"height":600,"url":"https:\/\/cnescooter.com\/wp-content\/uploads\/2025\/06\/\u672a\u6807\u9898-3-1.jpg","type":"image\/jpeg"}],"twitter_card":"summary_large_image","schema":{"@context":"https:\/\/schema.org","@graph":[{"@type":"WebPage","@id":"https:\/\/cnescooter.com\/product\/mz-em09\/","url":"https:\/\/cnescooter.com\/product\/mz-em09\/","name":"MZ-EM09 - Elektromotorrad Hersteller &amp; Lieferant | Manzhi Electric Vehicle","isPartOf":{"@id":"https:\/\/cnescooter.com\/#website"},"primaryImageOfPage":{"@id":"https:\/\/cnescooter.com\/product\/mz-em09\/#primaryimage"},"image":{"@id":"https:\/\/cnescooter.com\/product\/mz-em09\/#primaryimage"},"thumbnailUrl":"https:\/\/cnescooter.com\/wp-content\/uploads\/2025\/06\/\u672a\u6807\u9898-3-1.jpg","datePublished":"2025-06-04T05:23:23+00:00","breadcrumb":{"@id":"https:\/\/cnescooter.com\/product\/mz-em09\/#breadcrumb"},"inLanguage":"de","potentialAction":[{"@type":"ReadAction","target":["https:\/\/cnescooter.com\/product\/mz-em09\/"]}]},{"@type":"ImageObject","inLanguage":"de","@id":"https:\/\/cnescooter.com\/product\/mz-em09\/#primaryimage","url":"https:\/\/cnescooter.com\/wp-content\/uploads\/2025\/06\/\u672a\u6807\u9898-3-1.jpg","contentUrl":"https:\/\/cnescooter.com\/wp-content\/uploads\/2025\/06\/\u672a\u6807\u9898-3-1.jpg","width":600,"height":600},{"@type":"BreadcrumbList","@id":"https:\/\/cnescooter.com\/product\/mz-em09\/#breadcrumb","itemListElement":[{"@type":"ListItem","position":1,"name":"Home","item":"https:\/\/cnescooter.com\/"},{"@type":"ListItem","position":2,"name":"Products","item":"https:\/\/cnescooter.com\/products\/"},{"@type":"ListItem","position":3,"name":"MZ-EM09"}]},{"@type":"WebSite","@id":"https:\/\/cnescooter.com\/#website","url":"https:\/\/cnescooter.com\/","name":"Elektromotorrad Hersteller &amp; Lieferant | Manzhi Electric Vehicle","description":"Erschwingliche, langlebige und elegante Elektromotorr\u00e4der, die auf Leistung ausgelegt sind","publisher":{"@id":"https:\/\/cnescooter.com\/#organization"},"potentialAction":[{"@type":"SearchAction","target":{"@type":"EntryPoint","urlTemplate":"https:\/\/cnescooter.com\/?s={search_term_string}"},"query-input":{"@type":"PropertyValueSpecification","valueRequired":true,"valueName":"search_term_string"}}],"inLanguage":"de"},{"@type":"Organization","@id":"https:\/\/cnescooter.com\/#organization","name":"Elektromotorrad Hersteller &amp; Lieferant | Manzhi Electric Vehicle","url":"https:\/\/cnescooter.com\/","logo":{"@type":"ImageObject","inLanguage":"de","@id":"https:\/\/cnescooter.com\/#\/schema\/logo\/image\/","url":"https:\/\/cnescooter.com\/wp-content\/uploads\/2025\/06\/logo3.png","contentUrl":"https:\/\/cnescooter.com\/wp-content\/uploads\/2025\/06\/logo3.png","width":560,"height":176,"caption":"Electric Motorcycle Manufacturer & Supplier | Manzhi Electric Vehicle"},"image":{"@id":"https:\/\/cnescooter.com\/#\/schema\/logo\/image\/"}}]}},"_links":{"self":[{"href":"https:\/\/cnescooter.com\/de\/wp-json\/wp\/v2\/product\/59263","targetHints":{"allow":["GET"]}}],"collection":[{"href":"https:\/\/cnescooter.com\/de\/wp-json\/wp\/v2\/product"}],"about":[{"href":"https:\/\/cnescooter.com\/de\/wp-json\/wp\/v2\/types\/product"}],"replies":[{"embeddable":true,"href":"https:\/\/cnescooter.com\/de\/wp-json\/wp\/v2\/comments?post=59263"}],"wp:featuredmedia":[{"embeddable":true,"href":"https:\/\/cnescooter.com\/de\/wp-json\/wp\/v2\/media\/59250"}],"wp:attachment":[{"href":"https:\/\/cnescooter.com\/de\/wp-json\/wp\/v2\/media?parent=59263"}],"wp:term":[{"taxonomy":"product_brand","embeddable":true,"href":"https:\/\/cnescooter.com\/de\/wp-json\/wp\/v2\/product_brand?post=59263"},{"taxonomy":"product_cat","embeddable":true,"href":"https:\/\/cnescooter.com\/de\/wp-json\/wp\/v2\/product_cat?post=59263"},{"taxonomy":"product_tag","embeddable":true,"href":"https:\/\/cnescooter.com\/de\/wp-json\/wp\/v2\/product_tag?post=59263"}],"curies":[{"name":"wp","href":"https:\/\/api.w.org\/{rel}","templated":true}]}}