{"id":59268,"date":"2025-06-04T10:15:03","date_gmt":"2025-06-04T10:15:03","guid":{"rendered":"https:\/\/cnescooter.com\/?post_type=product&#038;p=59268"},"modified":"2025-06-04T10:15:03","modified_gmt":"2025-06-04T10:15:03","slug":"mz-em12","status":"publish","type":"product","link":"https:\/\/cnescooter.com\/de\/produkt\/mz-em12\/","title":{"rendered":"MZ-EM12"},"content":{"rendered":"<div class=\"paragraph\">Motor: 500W<\/div>\n<div class=\"paragraph\">Batterie: 36V\/10ah<\/div>\n<div class=\"paragraph\">Geschwindigkeit: &gt; 25 km\/h (mit intelligenter Unterst\u00fctzung: &gt;35 km)<\/div>\n<div class=\"paragraph\">Radgr\u00f6\u00dfe: Breites Rad<\/div>\n<div class=\"paragraph\">Nettogewicht: 17 kg<\/div>\n<div class=\"paragraph\">Bruttogewicht: 16 kg<\/div>\n<div class=\"paragraph\">Parkplatz Gr\u00f6\u00dfe: 109\u00d727\u00d751 cm<\/div>\n<div class=\"paragraph\">Ladespannung: 110-240V<\/div>\n<div class=\"paragraph\">Aufladezeit: 3-6 Stunden<\/div>","protected":false},"excerpt":{"rendered":"<p><span class=\"relative -mx-px my-[-0.2rem] rounded px-px py-[0.2rem] transition-colors duration-100 ease-in-out\">Der MZ-EM12 verf\u00fcgt \u00fcber einen 1500 W starken b\u00fcrstenlosen Gleichstrommotor und einen 60 V Blei-S\u00e4ure-Akku (6\u00d720 Ah), der eine H\u00f6chstgeschwindigkeit von 45-50 km\/h und eine Reichweite von 40-55 km pro Ladung erm\u00f6glicht.<\/span> <span class=\"relative -mx-px my-[-0.2rem] rounded px-px py-[0.2rem] transition-colors duration-100 ease-in-out\">Der robuste Rahmen ist f\u00fcr eine Standardlast von 85 kg ausgelegt, und der Roller wiegt 85 kg.<\/span> <span class=\"relative -mx-px my-[-0.2rem] rounded px-px py-[0.2rem] transition-colors duration-100 ease-in-out\">Mit einer Steigf\u00e4higkeit von 15\u00b0 ist er f\u00fcr verschiedene st\u00e4dtische Gel\u00e4nde geeignet.<\/span> <span class=\"relative -mx-px my-[-0.2rem] rounded px-px py-[0.2rem] transition-colors duration-100 ease-in-out\">Mit seinen Abmessungen von 1950\u00d7700\u00d71400 mm ist der Roller eine praktische Wahl f\u00fcr den t\u00e4glichen Pendlerverkehr.<\/span><\/p>","protected":false},"featured_media":59255,"comment_status":"open","ping_status":"closed","template":"","meta":[],"product_brand":[],"product_cat":[268],"product_tag":[],"class_list":{"0":"post-59268","1":"product","2":"type-product","3":"status-publish","4":"has-post-thumbnail","6":"product_cat-electric-scooters","8":"first","9":"instock","10":"shipping-taxable","11":"product-type-simple"},"yoast_head":"<!-- This site is optimized with the Yoast SEO Premium plugin v24.4 (Yoast SEO v26.9) - https:\/\/yoast.com\/product\/yoast-seo-premium-wordpress\/ -->\n<title>MZ-EM12 - Electric Motorcycle Manufacturer &amp; Supplier | Manzhi Electric Vehicle<\/title>\n<meta name=\"robots\" content=\"index, follow, max-snippet:-1, max-image-preview:large, max-video-preview:-1\" \/>\n<link rel=\"canonical\" href=\"https:\/\/cnescooter.com\/de\/produkt\/mz-em12\/\" \/>\n<meta property=\"og:locale\" content=\"de_DE\" \/>\n<meta property=\"og:type\" content=\"article\" \/>\n<meta property=\"og:title\" content=\"MZ-EM12\" \/>\n<meta property=\"og:description\" content=\"The MZ-EM12 features a 1500W brushless DC motor and a 60V lead-acid battery (6\u00d720Ah), delivering a top speed of 45\u201350 km\/h and a range of 40\u201355 km per charge. Its sturdy frame supports a standard load capacity of 85 kg, and the scooter weighs 85 kg. With a climbing capacity of 15\u00b0, it is suitable for various urban terrains. The scooter&#039;s dimensions are 1950\u00d7700\u00d71400 mm, making it a practical choice for daily commuting.\" \/>\n<meta property=\"og:url\" content=\"https:\/\/cnescooter.com\/de\/produkt\/mz-em12\/\" \/>\n<meta property=\"og:site_name\" content=\"Electric Motorcycle Manufacturer &amp; Supplier | Manzhi Electric Vehicle\" \/>\n<meta property=\"og:image\" content=\"https:\/\/cnescooter.com\/wp-content\/uploads\/2025\/06\/\u672a\u6807\u9898-8-1.jpg\" \/>\n\t<meta property=\"og:image:width\" content=\"600\" \/>\n\t<meta property=\"og:image:height\" content=\"600\" \/>\n\t<meta property=\"og:image:type\" content=\"image\/jpeg\" \/>\n<meta name=\"twitter:card\" content=\"summary_large_image\" \/>\n<script type=\"application\/ld+json\" class=\"yoast-schema-graph\">{\"@context\":\"https:\/\/schema.org\",\"@graph\":[{\"@type\":\"WebPage\",\"@id\":\"https:\/\/cnescooter.com\/product\/mz-em12\/\",\"url\":\"https:\/\/cnescooter.com\/product\/mz-em12\/\",\"name\":\"MZ-EM12 - Electric Motorcycle Manufacturer &amp; Supplier | Manzhi Electric Vehicle\",\"isPartOf\":{\"@id\":\"https:\/\/cnescooter.com\/#website\"},\"primaryImageOfPage\":{\"@id\":\"https:\/\/cnescooter.com\/product\/mz-em12\/#primaryimage\"},\"image\":{\"@id\":\"https:\/\/cnescooter.com\/product\/mz-em12\/#primaryimage\"},\"thumbnailUrl\":\"https:\/\/cnescooter.com\/wp-content\/uploads\/2025\/06\/\u672a\u6807\u9898-8-1.jpg\",\"datePublished\":\"2025-06-04T10:15:03+00:00\",\"breadcrumb\":{\"@id\":\"https:\/\/cnescooter.com\/product\/mz-em12\/#breadcrumb\"},\"inLanguage\":\"de\",\"potentialAction\":[{\"@type\":\"ReadAction\",\"target\":[\"https:\/\/cnescooter.com\/product\/mz-em12\/\"]}]},{\"@type\":\"ImageObject\",\"inLanguage\":\"de\",\"@id\":\"https:\/\/cnescooter.com\/product\/mz-em12\/#primaryimage\",\"url\":\"https:\/\/cnescooter.com\/wp-content\/uploads\/2025\/06\/\u672a\u6807\u9898-8-1.jpg\",\"contentUrl\":\"https:\/\/cnescooter.com\/wp-content\/uploads\/2025\/06\/\u672a\u6807\u9898-8-1.jpg\",\"width\":600,\"height\":600},{\"@type\":\"BreadcrumbList\",\"@id\":\"https:\/\/cnescooter.com\/product\/mz-em12\/#breadcrumb\",\"itemListElement\":[{\"@type\":\"ListItem\",\"position\":1,\"name\":\"Home\",\"item\":\"https:\/\/cnescooter.com\/\"},{\"@type\":\"ListItem\",\"position\":2,\"name\":\"Products\",\"item\":\"https:\/\/cnescooter.com\/products\/\"},{\"@type\":\"ListItem\",\"position\":3,\"name\":\"MZ-EM12\"}]},{\"@type\":\"WebSite\",\"@id\":\"https:\/\/cnescooter.com\/#website\",\"url\":\"https:\/\/cnescooter.com\/\",\"name\":\"Electric Motorcycle Manufacturer & Supplier | Manzhi Electric Vehicle\",\"description\":\"Affordable, Durable, and Stylish Electric Motorcycles Built for Performance\",\"publisher\":{\"@id\":\"https:\/\/cnescooter.com\/#organization\"},\"potentialAction\":[{\"@type\":\"SearchAction\",\"target\":{\"@type\":\"EntryPoint\",\"urlTemplate\":\"https:\/\/cnescooter.com\/?s={search_term_string}\"},\"query-input\":{\"@type\":\"PropertyValueSpecification\",\"valueRequired\":true,\"valueName\":\"search_term_string\"}}],\"inLanguage\":\"de\"},{\"@type\":\"Organization\",\"@id\":\"https:\/\/cnescooter.com\/#organization\",\"name\":\"Electric Motorcycle Manufacturer & Supplier | Manzhi Electric Vehicle\",\"url\":\"https:\/\/cnescooter.com\/\",\"logo\":{\"@type\":\"ImageObject\",\"inLanguage\":\"de\",\"@id\":\"https:\/\/cnescooter.com\/#\/schema\/logo\/image\/\",\"url\":\"https:\/\/cnescooter.com\/wp-content\/uploads\/2025\/06\/logo3.png\",\"contentUrl\":\"https:\/\/cnescooter.com\/wp-content\/uploads\/2025\/06\/logo3.png\",\"width\":560,\"height\":176,\"caption\":\"Electric Motorcycle Manufacturer & Supplier | Manzhi Electric Vehicle\"},\"image\":{\"@id\":\"https:\/\/cnescooter.com\/#\/schema\/logo\/image\/\"}}]}<\/script>\n<!-- \/ Yoast SEO Premium plugin. -->","yoast_head_json":{"title":"MZ-EM12 - Elektromotorrad Hersteller &amp; Lieferant | Manzhi Electric Vehicle","robots":{"index":"index","follow":"follow","max-snippet":"max-snippet:-1","max-image-preview":"max-image-preview:large","max-video-preview":"max-video-preview:-1"},"canonical":"https:\/\/cnescooter.com\/de\/produkt\/mz-em12\/","og_locale":"de_DE","og_type":"article","og_title":"MZ-EM12","og_description":"The MZ-EM12 features a 1500W brushless DC motor and a 60V lead-acid battery (6\u00d720Ah), delivering a top speed of 45\u201350 km\/h and a range of 40\u201355 km per charge. Its sturdy frame supports a standard load capacity of 85 kg, and the scooter weighs 85 kg. With a climbing capacity of 15\u00b0, it is suitable for various urban terrains. The scooter's dimensions are 1950\u00d7700\u00d71400 mm, making it a practical choice for daily commuting.","og_url":"https:\/\/cnescooter.com\/de\/produkt\/mz-em12\/","og_site_name":"Electric Motorcycle Manufacturer &amp; Supplier | Manzhi Electric Vehicle","og_image":[{"width":600,"height":600,"url":"https:\/\/cnescooter.com\/wp-content\/uploads\/2025\/06\/\u672a\u6807\u9898-8-1.jpg","type":"image\/jpeg"}],"twitter_card":"summary_large_image","schema":{"@context":"https:\/\/schema.org","@graph":[{"@type":"WebPage","@id":"https:\/\/cnescooter.com\/product\/mz-em12\/","url":"https:\/\/cnescooter.com\/product\/mz-em12\/","name":"MZ-EM12 - Elektromotorrad Hersteller &amp; Lieferant | Manzhi Electric Vehicle","isPartOf":{"@id":"https:\/\/cnescooter.com\/#website"},"primaryImageOfPage":{"@id":"https:\/\/cnescooter.com\/product\/mz-em12\/#primaryimage"},"image":{"@id":"https:\/\/cnescooter.com\/product\/mz-em12\/#primaryimage"},"thumbnailUrl":"https:\/\/cnescooter.com\/wp-content\/uploads\/2025\/06\/\u672a\u6807\u9898-8-1.jpg","datePublished":"2025-06-04T10:15:03+00:00","breadcrumb":{"@id":"https:\/\/cnescooter.com\/product\/mz-em12\/#breadcrumb"},"inLanguage":"de","potentialAction":[{"@type":"ReadAction","target":["https:\/\/cnescooter.com\/product\/mz-em12\/"]}]},{"@type":"ImageObject","inLanguage":"de","@id":"https:\/\/cnescooter.com\/product\/mz-em12\/#primaryimage","url":"https:\/\/cnescooter.com\/wp-content\/uploads\/2025\/06\/\u672a\u6807\u9898-8-1.jpg","contentUrl":"https:\/\/cnescooter.com\/wp-content\/uploads\/2025\/06\/\u672a\u6807\u9898-8-1.jpg","width":600,"height":600},{"@type":"BreadcrumbList","@id":"https:\/\/cnescooter.com\/product\/mz-em12\/#breadcrumb","itemListElement":[{"@type":"ListItem","position":1,"name":"Home","item":"https:\/\/cnescooter.com\/"},{"@type":"ListItem","position":2,"name":"Products","item":"https:\/\/cnescooter.com\/products\/"},{"@type":"ListItem","position":3,"name":"MZ-EM12"}]},{"@type":"WebSite","@id":"https:\/\/cnescooter.com\/#website","url":"https:\/\/cnescooter.com\/","name":"Elektromotorrad Hersteller &amp; Lieferant | Manzhi Electric Vehicle","description":"Erschwingliche, langlebige und elegante Elektromotorr\u00e4der, die auf Leistung ausgelegt sind","publisher":{"@id":"https:\/\/cnescooter.com\/#organization"},"potentialAction":[{"@type":"SearchAction","target":{"@type":"EntryPoint","urlTemplate":"https:\/\/cnescooter.com\/?s={search_term_string}"},"query-input":{"@type":"PropertyValueSpecification","valueRequired":true,"valueName":"search_term_string"}}],"inLanguage":"de"},{"@type":"Organization","@id":"https:\/\/cnescooter.com\/#organization","name":"Elektromotorrad Hersteller &amp; Lieferant | Manzhi Electric Vehicle","url":"https:\/\/cnescooter.com\/","logo":{"@type":"ImageObject","inLanguage":"de","@id":"https:\/\/cnescooter.com\/#\/schema\/logo\/image\/","url":"https:\/\/cnescooter.com\/wp-content\/uploads\/2025\/06\/logo3.png","contentUrl":"https:\/\/cnescooter.com\/wp-content\/uploads\/2025\/06\/logo3.png","width":560,"height":176,"caption":"Electric Motorcycle Manufacturer & Supplier | Manzhi Electric Vehicle"},"image":{"@id":"https:\/\/cnescooter.com\/#\/schema\/logo\/image\/"}}]}},"_links":{"self":[{"href":"https:\/\/cnescooter.com\/de\/wp-json\/wp\/v2\/product\/59268","targetHints":{"allow":["GET"]}}],"collection":[{"href":"https:\/\/cnescooter.com\/de\/wp-json\/wp\/v2\/product"}],"about":[{"href":"https:\/\/cnescooter.com\/de\/wp-json\/wp\/v2\/types\/product"}],"replies":[{"embeddable":true,"href":"https:\/\/cnescooter.com\/de\/wp-json\/wp\/v2\/comments?post=59268"}],"wp:featuredmedia":[{"embeddable":true,"href":"https:\/\/cnescooter.com\/de\/wp-json\/wp\/v2\/media\/59255"}],"wp:attachment":[{"href":"https:\/\/cnescooter.com\/de\/wp-json\/wp\/v2\/media?parent=59268"}],"wp:term":[{"taxonomy":"product_brand","embeddable":true,"href":"https:\/\/cnescooter.com\/de\/wp-json\/wp\/v2\/product_brand?post=59268"},{"taxonomy":"product_cat","embeddable":true,"href":"https:\/\/cnescooter.com\/de\/wp-json\/wp\/v2\/product_cat?post=59268"},{"taxonomy":"product_tag","embeddable":true,"href":"https:\/\/cnescooter.com\/de\/wp-json\/wp\/v2\/product_tag?post=59268"}],"curies":[{"name":"wp","href":"https:\/\/api.w.org\/{rel}","templated":true}]}}