{"id":59333,"date":"2025-06-05T08:32:59","date_gmt":"2025-06-05T08:32:59","guid":{"rendered":"https:\/\/cnescooter.com\/?post_type=product&#038;p=59333"},"modified":"2025-06-05T08:40:52","modified_gmt":"2025-06-05T08:40:52","slug":"mzdc-10","status":"publish","type":"product","link":"https:\/\/cnescooter.com\/de\/produkt\/mzdc-10\/","title":{"rendered":"MZDC-10"},"content":{"rendered":"<table>\n<tbody>\n<tr>\n<td width=\"77\">Motorradtyp<\/td>\n<td colspan=\"2\" width=\"499\">Der multifunktionale elektrische Lebensmittelwagen ist 4 Meter lang, 2,2 Meter breit und 2,35 Meter hoch.<\/td>\n<\/tr>\n<tr>\n<td rowspan=\"10\" width=\"77\">Fahrzeug<\/p>\n<p>K\u00f6rper<\/p>\n<p>den Bund der Ehe schlie\u00dfen<\/p>\n<p>Ort<\/p>\n<p>&nbsp;<\/td>\n<td width=\"167\">Rahmenmaterial<\/td>\n<td width=\"332\">Stahlrahmenkonstruktion, verzinkte Rohrkonstruktion, S\u00e4ule<\/td>\n<\/tr>\n<tr>\n<td width=\"167\">Basis<\/td>\n<td width=\"332\">Schwei\u00dfen von 40x80mm verzinktem Vierkantrohr (der feste Teil in der Mitte) Verst\u00e4rkungsquerrohr verwendet 40x40mm verzinktes Vierkantrohr<\/td>\n<\/tr>\n<tr>\n<td width=\"167\">Bodendiele<\/td>\n<td width=\"332\">Das rutschfeste Bodenleder wird auf die 1,5 mm starke, gepr\u00e4gte Stahlplatte gelegt.<\/td>\n<\/tr>\n<tr>\n<td width=\"167\">Karosserie<\/td>\n<td width=\"332\">Verzinktes Blechmaterial<\/td>\n<\/tr>\n<tr>\n<td width=\"167\">T\u00fcren und Fenster<\/td>\n<td width=\"332\">\u00d6ffnen Sie das Fenster oben und unten<\/td>\n<\/tr>\n<tr>\n<td width=\"167\">Glas<\/td>\n<td width=\"332\">Der Glasrahmen wird mit doppelseitigem Kleber befestigt, und die Oberfl\u00e4che des Klebers ist flach und glatt<\/td>\n<\/tr>\n<tr>\n<td width=\"167\">Steuersystem<\/td>\n<td width=\"332\">Das Lenksystem<\/td>\n<\/tr>\n<tr>\n<td width=\"167\">Bereifung<\/td>\n<td width=\"332\">145-70R Vakuum-Reifen<\/td>\n<\/tr>\n<tr>\n<td width=\"167\">Behandlung von Autolacken<\/td>\n<td width=\"332\">Die Gesamtdicke des Anstrichs (eine Schicht Grundierung und drei Schichten Decklack) betr\u00e4gt 0,5 mm.<\/td>\n<\/tr>\n<tr>\n<td width=\"167\">Wandtafel<\/td>\n<td width=\"332\">Vollst\u00e4ndig dekorierte Decke, PVC6mm Innenplatte (W\u00e4rmed\u00e4mmung und hohe Temperaturbest\u00e4ndigkeit)<\/td>\n<\/tr>\n<tr>\n<td rowspan=\"13\" width=\"77\">&nbsp;<\/p>\n<p>ausnutzen.<\/p>\n<p>F\u00e4higkeit<\/p>\n<p>Verteilen<\/p>\n<p>System<\/td>\n<td width=\"167\">Grill<\/td>\n<td width=\"332\">100cm Grillrost<\/td>\n<\/tr>\n<tr>\n<td width=\"167\">sich lautstark beschweren und streiten<\/td>\n<td width=\"332\">55X32 gro\u00dfe Bratpfanne<\/td>\n<\/tr>\n<tr>\n<td width=\"167\">Eisenplatte<\/td>\n<td width=\"332\">40X40 Eisenplatte<\/td>\n<\/tr>\n<tr>\n<td width=\"167\">scharfer Hot Pot<\/td>\n<td width=\"332\">55X32 pikanter Eintopf<\/td>\n<\/tr>\n<tr>\n<td width=\"167\">Dampfgarer<\/td>\n<td width=\"332\">Doppellagiger Dampfer<\/td>\n<\/tr>\n<tr>\n<td width=\"167\">Pfannkuchen-Gitterrost<\/td>\n<td width=\"332\">35 Pfannkuchengrills<\/td>\n<\/tr>\n<tr>\n<td width=\"167\">Schlachthof<\/td>\n<td width=\"332\">30 F\u00e4sser Suppe<\/td>\n<\/tr>\n<tr>\n<td width=\"167\">Ein loderndes Feuer<\/td>\n<td width=\"332\">Ein Hochdruck-Kaminofen<\/td>\n<\/tr>\n<tr>\n<td width=\"167\">Das Waschbecken<\/td>\n<td width=\"332\">55X32 elektrischer Pool<\/td>\n<\/tr>\n<tr>\n<td width=\"167\">Kuchenb\u00e4cker<\/td>\n<td width=\"332\">9-Loch-Burger-Maschine<\/td>\n<\/tr>\n<tr>\n<td width=\"167\">Boxen f\u00fcr warme Mahlzeiten<\/td>\n<td width=\"332\">Vier isolierte Lunchboxen<\/td>\n<\/tr>\n<tr>\n<td width=\"167\">Maispfl\u00fccker<\/td>\n<td width=\"332\">Gas-Popcorn-Maschine<\/td>\n<\/tr>\n<tr>\n<td width=\"167\">Wurstmaschine<\/td>\n<td width=\"332\">5 W\u00fcrstchengrills<\/td>\n<\/tr>\n<tr>\n<td rowspan=\"4\" width=\"77\">Antriebsleistung<\/p>\n<p>System<\/td>\n<td width=\"167\">Akkumulator<\/td>\n<td width=\"332\">560V Solarbatterien, nationale Garantie<\/td>\n<\/tr>\n<tr>\n<td width=\"167\">Controller<\/td>\n<td width=\"332\">Inbor Controller<\/td>\n<\/tr>\n<tr>\n<td width=\"167\">Ladeger\u00e4t<\/td>\n<td width=\"332\">60V Smart-Ladeger\u00e4t<\/td>\n<\/tr>\n<tr>\n<td width=\"167\">Geschwindigkeit pro Stunde<\/td>\n<td width=\"332\">30KM\/H<\/td>\n<\/tr>\n<tr>\n<td width=\"77\">Bemerkungen<\/td>\n<td colspan=\"2\" width=\"499\">Oben sehen Sie die Konfigurationstabelle des Speisewagens. Der Wagen und das Traktionsmodell haben kein rot markiertes Stromsystem<\/p>\n<p>Alle elektrischen Modelle verf\u00fcgen \u00fcber Stromversorgungssysteme<\/td>\n<\/tr>\n<\/tbody>\n<\/table>\n<p>&nbsp;<\/p>","protected":false},"excerpt":{"rendered":"<p>Gr\u00f6\u00dfe(Meter)\uff1a4,5\u00d72,2\u00d72,3<\/p>\n<p>Hinweis\uff1aElektrische Ausf\u00fchrung<\/p>","protected":false},"featured_media":59315,"comment_status":"open","ping_status":"closed","template":"","meta":[],"product_brand":[],"product_cat":[274],"product_tag":[],"class_list":{"0":"post-59333","1":"product","2":"type-product","3":"status-publish","4":"has-post-thumbnail","6":"product_cat-electric-dining-cart","8":"first","9":"instock","10":"shipping-taxable","11":"product-type-simple"},"yoast_head":"<!-- This site is optimized with the Yoast SEO Premium plugin v24.4 (Yoast SEO v26.9) - https:\/\/yoast.com\/product\/yoast-seo-premium-wordpress\/ -->\n<title>MZDC-10 - Electric Motorcycle Manufacturer &amp; Supplier | Manzhi Electric Vehicle<\/title>\n<meta name=\"robots\" content=\"index, follow, max-snippet:-1, max-image-preview:large, max-video-preview:-1\" \/>\n<link rel=\"canonical\" href=\"https:\/\/cnescooter.com\/de\/produkt\/mzdc-10\/\" \/>\n<meta property=\"og:locale\" content=\"de_DE\" \/>\n<meta property=\"og:type\" content=\"article\" \/>\n<meta property=\"og:title\" content=\"MZDC-10\" \/>\n<meta property=\"og:description\" content=\"Size(meter)\uff1a4.5x2.2x2.3  Note\uff1aElectric version\" \/>\n<meta property=\"og:url\" content=\"https:\/\/cnescooter.com\/de\/produkt\/mzdc-10\/\" \/>\n<meta property=\"og:site_name\" content=\"Electric Motorcycle Manufacturer &amp; Supplier | Manzhi Electric Vehicle\" \/>\n<meta property=\"article:modified_time\" content=\"2025-06-05T08:40:52+00:00\" \/>\n<meta property=\"og:image\" content=\"https:\/\/cnescooter.com\/wp-content\/uploads\/2025\/06\/\u5fae\u4fe1\u56fe\u7247_202505161437281.jpg\" \/>\n\t<meta property=\"og:image:width\" content=\"800\" \/>\n\t<meta property=\"og:image:height\" content=\"800\" \/>\n\t<meta property=\"og:image:type\" content=\"image\/jpeg\" \/>\n<meta name=\"twitter:card\" content=\"summary_large_image\" \/>\n<meta name=\"twitter:label1\" content=\"Gesch\u00e4tzte Lesezeit\" \/>\n\t<meta name=\"twitter:data1\" content=\"1\u00a0Minute\" \/>\n<script type=\"application\/ld+json\" class=\"yoast-schema-graph\">{\"@context\":\"https:\/\/schema.org\",\"@graph\":[{\"@type\":\"WebPage\",\"@id\":\"https:\/\/cnescooter.com\/product\/mzdc-10\/\",\"url\":\"https:\/\/cnescooter.com\/product\/mzdc-10\/\",\"name\":\"MZDC-10 - Electric Motorcycle Manufacturer &amp; Supplier | Manzhi Electric Vehicle\",\"isPartOf\":{\"@id\":\"https:\/\/cnescooter.com\/#website\"},\"primaryImageOfPage\":{\"@id\":\"https:\/\/cnescooter.com\/product\/mzdc-10\/#primaryimage\"},\"image\":{\"@id\":\"https:\/\/cnescooter.com\/product\/mzdc-10\/#primaryimage\"},\"thumbnailUrl\":\"https:\/\/cnescooter.com\/wp-content\/uploads\/2025\/06\/\u5fae\u4fe1\u56fe\u7247_202505161437281.jpg\",\"datePublished\":\"2025-06-05T08:32:59+00:00\",\"dateModified\":\"2025-06-05T08:40:52+00:00\",\"breadcrumb\":{\"@id\":\"https:\/\/cnescooter.com\/product\/mzdc-10\/#breadcrumb\"},\"inLanguage\":\"de\",\"potentialAction\":[{\"@type\":\"ReadAction\",\"target\":[\"https:\/\/cnescooter.com\/product\/mzdc-10\/\"]}]},{\"@type\":\"ImageObject\",\"inLanguage\":\"de\",\"@id\":\"https:\/\/cnescooter.com\/product\/mzdc-10\/#primaryimage\",\"url\":\"https:\/\/cnescooter.com\/wp-content\/uploads\/2025\/06\/\u5fae\u4fe1\u56fe\u7247_202505161437281.jpg\",\"contentUrl\":\"https:\/\/cnescooter.com\/wp-content\/uploads\/2025\/06\/\u5fae\u4fe1\u56fe\u7247_202505161437281.jpg\",\"width\":800,\"height\":800},{\"@type\":\"BreadcrumbList\",\"@id\":\"https:\/\/cnescooter.com\/product\/mzdc-10\/#breadcrumb\",\"itemListElement\":[{\"@type\":\"ListItem\",\"position\":1,\"name\":\"Home\",\"item\":\"https:\/\/cnescooter.com\/\"},{\"@type\":\"ListItem\",\"position\":2,\"name\":\"Products\",\"item\":\"https:\/\/cnescooter.com\/products\/\"},{\"@type\":\"ListItem\",\"position\":3,\"name\":\"MZDC-10\"}]},{\"@type\":\"WebSite\",\"@id\":\"https:\/\/cnescooter.com\/#website\",\"url\":\"https:\/\/cnescooter.com\/\",\"name\":\"Electric Motorcycle Manufacturer & Supplier | Manzhi Electric Vehicle\",\"description\":\"Affordable, Durable, and Stylish Electric Motorcycles Built for Performance\",\"publisher\":{\"@id\":\"https:\/\/cnescooter.com\/#organization\"},\"potentialAction\":[{\"@type\":\"SearchAction\",\"target\":{\"@type\":\"EntryPoint\",\"urlTemplate\":\"https:\/\/cnescooter.com\/?s={search_term_string}\"},\"query-input\":{\"@type\":\"PropertyValueSpecification\",\"valueRequired\":true,\"valueName\":\"search_term_string\"}}],\"inLanguage\":\"de\"},{\"@type\":\"Organization\",\"@id\":\"https:\/\/cnescooter.com\/#organization\",\"name\":\"Electric Motorcycle Manufacturer & Supplier | Manzhi Electric Vehicle\",\"url\":\"https:\/\/cnescooter.com\/\",\"logo\":{\"@type\":\"ImageObject\",\"inLanguage\":\"de\",\"@id\":\"https:\/\/cnescooter.com\/#\/schema\/logo\/image\/\",\"url\":\"https:\/\/cnescooter.com\/wp-content\/uploads\/2025\/06\/logo3.png\",\"contentUrl\":\"https:\/\/cnescooter.com\/wp-content\/uploads\/2025\/06\/logo3.png\",\"width\":560,\"height\":176,\"caption\":\"Electric Motorcycle Manufacturer & Supplier | Manzhi Electric Vehicle\"},\"image\":{\"@id\":\"https:\/\/cnescooter.com\/#\/schema\/logo\/image\/\"}}]}<\/script>\n<!-- \/ Yoast SEO Premium plugin. -->","yoast_head_json":{"title":"MZDC-10 - Elektromotorrad Hersteller &amp; Lieferant | Manzhi Electric Vehicle","robots":{"index":"index","follow":"follow","max-snippet":"max-snippet:-1","max-image-preview":"max-image-preview:large","max-video-preview":"max-video-preview:-1"},"canonical":"https:\/\/cnescooter.com\/de\/produkt\/mzdc-10\/","og_locale":"de_DE","og_type":"article","og_title":"MZDC-10","og_description":"Size(meter)\uff1a4.5x2.2x2.3  Note\uff1aElectric version","og_url":"https:\/\/cnescooter.com\/de\/produkt\/mzdc-10\/","og_site_name":"Electric Motorcycle Manufacturer &amp; Supplier | Manzhi Electric Vehicle","article_modified_time":"2025-06-05T08:40:52+00:00","og_image":[{"width":800,"height":800,"url":"https:\/\/cnescooter.com\/wp-content\/uploads\/2025\/06\/\u5fae\u4fe1\u56fe\u7247_202505161437281.jpg","type":"image\/jpeg"}],"twitter_card":"summary_large_image","twitter_misc":{"Gesch\u00e4tzte Lesezeit":"1\u00a0Minute"},"schema":{"@context":"https:\/\/schema.org","@graph":[{"@type":"WebPage","@id":"https:\/\/cnescooter.com\/product\/mzdc-10\/","url":"https:\/\/cnescooter.com\/product\/mzdc-10\/","name":"MZDC-10 - Elektromotorrad Hersteller &amp; Lieferant | Manzhi Electric Vehicle","isPartOf":{"@id":"https:\/\/cnescooter.com\/#website"},"primaryImageOfPage":{"@id":"https:\/\/cnescooter.com\/product\/mzdc-10\/#primaryimage"},"image":{"@id":"https:\/\/cnescooter.com\/product\/mzdc-10\/#primaryimage"},"thumbnailUrl":"https:\/\/cnescooter.com\/wp-content\/uploads\/2025\/06\/\u5fae\u4fe1\u56fe\u7247_202505161437281.jpg","datePublished":"2025-06-05T08:32:59+00:00","dateModified":"2025-06-05T08:40:52+00:00","breadcrumb":{"@id":"https:\/\/cnescooter.com\/product\/mzdc-10\/#breadcrumb"},"inLanguage":"de","potentialAction":[{"@type":"ReadAction","target":["https:\/\/cnescooter.com\/product\/mzdc-10\/"]}]},{"@type":"ImageObject","inLanguage":"de","@id":"https:\/\/cnescooter.com\/product\/mzdc-10\/#primaryimage","url":"https:\/\/cnescooter.com\/wp-content\/uploads\/2025\/06\/\u5fae\u4fe1\u56fe\u7247_202505161437281.jpg","contentUrl":"https:\/\/cnescooter.com\/wp-content\/uploads\/2025\/06\/\u5fae\u4fe1\u56fe\u7247_202505161437281.jpg","width":800,"height":800},{"@type":"BreadcrumbList","@id":"https:\/\/cnescooter.com\/product\/mzdc-10\/#breadcrumb","itemListElement":[{"@type":"ListItem","position":1,"name":"Home","item":"https:\/\/cnescooter.com\/"},{"@type":"ListItem","position":2,"name":"Products","item":"https:\/\/cnescooter.com\/products\/"},{"@type":"ListItem","position":3,"name":"MZDC-10"}]},{"@type":"WebSite","@id":"https:\/\/cnescooter.com\/#website","url":"https:\/\/cnescooter.com\/","name":"Elektromotorrad Hersteller &amp; Lieferant | Manzhi Electric Vehicle","description":"Erschwingliche, langlebige und elegante Elektromotorr\u00e4der, die auf Leistung ausgelegt sind","publisher":{"@id":"https:\/\/cnescooter.com\/#organization"},"potentialAction":[{"@type":"SearchAction","target":{"@type":"EntryPoint","urlTemplate":"https:\/\/cnescooter.com\/?s={search_term_string}"},"query-input":{"@type":"PropertyValueSpecification","valueRequired":true,"valueName":"search_term_string"}}],"inLanguage":"de"},{"@type":"Organization","@id":"https:\/\/cnescooter.com\/#organization","name":"Elektromotorrad Hersteller &amp; Lieferant | Manzhi Electric Vehicle","url":"https:\/\/cnescooter.com\/","logo":{"@type":"ImageObject","inLanguage":"de","@id":"https:\/\/cnescooter.com\/#\/schema\/logo\/image\/","url":"https:\/\/cnescooter.com\/wp-content\/uploads\/2025\/06\/logo3.png","contentUrl":"https:\/\/cnescooter.com\/wp-content\/uploads\/2025\/06\/logo3.png","width":560,"height":176,"caption":"Electric Motorcycle Manufacturer & Supplier | Manzhi Electric Vehicle"},"image":{"@id":"https:\/\/cnescooter.com\/#\/schema\/logo\/image\/"}}]}},"_links":{"self":[{"href":"https:\/\/cnescooter.com\/de\/wp-json\/wp\/v2\/product\/59333","targetHints":{"allow":["GET"]}}],"collection":[{"href":"https:\/\/cnescooter.com\/de\/wp-json\/wp\/v2\/product"}],"about":[{"href":"https:\/\/cnescooter.com\/de\/wp-json\/wp\/v2\/types\/product"}],"replies":[{"embeddable":true,"href":"https:\/\/cnescooter.com\/de\/wp-json\/wp\/v2\/comments?post=59333"}],"wp:featuredmedia":[{"embeddable":true,"href":"https:\/\/cnescooter.com\/de\/wp-json\/wp\/v2\/media\/59315"}],"wp:attachment":[{"href":"https:\/\/cnescooter.com\/de\/wp-json\/wp\/v2\/media?parent=59333"}],"wp:term":[{"taxonomy":"product_brand","embeddable":true,"href":"https:\/\/cnescooter.com\/de\/wp-json\/wp\/v2\/product_brand?post=59333"},{"taxonomy":"product_cat","embeddable":true,"href":"https:\/\/cnescooter.com\/de\/wp-json\/wp\/v2\/product_cat?post=59333"},{"taxonomy":"product_tag","embeddable":true,"href":"https:\/\/cnescooter.com\/de\/wp-json\/wp\/v2\/product_tag?post=59333"}],"curies":[{"name":"wp","href":"https:\/\/api.w.org\/{rel}","templated":true}]}}